{"id":794,"date":"2025-07-10T11:41:51","date_gmt":"2025-07-10T14:41:51","guid":{"rendered":"https:\/\/fraternidadedos12raios.com.br\/?page_id=794"},"modified":"2025-11-25T15:34:25","modified_gmt":"2025-11-25T17:34:25","slug":"podcast","status":"publish","type":"page","link":"https:\/\/fraternidadedos12raios.com.br\/?page_id=794","title":{"rendered":"Podcast"},"content":{"rendered":"\n<p><\/p>\n\n\n\n<p> <br><a rel=\"noreferrer noopener\" href=\"https:\/\/www.youtube.com\/live\/v2gUF6SR-ZE\" target=\"_blank\">DORIANA TAMBURINI conversa sobre <\/a><br><a rel=\"noreferrer noopener\" href=\"https:\/\/www.youtube.com\/live\/v2gUF6SR-ZE\" target=\"_blank\">Discos solares no #0100 #FritaMente<\/a><\/p>\n\n\n\n<p><img loading=\"lazy\" width=\"300\" height=\"174\" class=\"wp-image-827\" style=\"width: 150px;\" src=\"http:\/\/fraternidadedos12raios.com.br\/wp-content\/uploads\/2025\/11\/Doriana-PodCast-300X150.jpg\" alt=\"\"><br>Discos Solares: Um dos Maiores Segredos e Presentes para a Humanidade!<br>Lendas, c\u00f3digos e conex\u00f5es c\u00f3smicas guardam um dos mist\u00e9rios mais fascinantes do nosso tempo: Os Discos Solares, portais de sabedoria e energia que unem passado, presente e futuro da humanidade<\/p>\n\n\n\n<p>&#8212;&#8212;&#8212;&#8212;&#8212;&#8212;&#8212;&#8212;&#8212;&#8212;&#8212;&#8212;&#8212;&#8212;&#8212;&#8212;&#8212;&#8212;&#8212;&#8212;&#8212;&#8212;&#8212;&#8212;&#8212;&#8212;&#8212;&#8212;&#8212;&#8212;&#8212;&#8212;&#8212;&#8211;<\/p>\n\n\n\n<p><\/p>\n\n\n\n<p class=\"has-vivid-red-color has-text-color\"><strong>RECONEX\u00c3O COM SEU DNA DIVINO<\/strong><\/p>\n\n\n\n<p class=\"has-black-color has-text-color has-medium-font-size\"><a href=\"https:\/\/fraternidadedos12raios.com.br\/?page_id=791\" target=\"_blank\" rel=\"noreferrer noopener\">Live com Andrea Francomano, Doriana Tamburini e Paula Cabral. Reconex\u00e3o com o seu DNA Divino \u2013 Um Despertar Fora da Simula\u00e7\u00e3o.<br><\/a><\/p>\n\n\n\n<p class=\"has-black-color has-text-color has-medium-font-size\">Ingressos: <strong><a href=\"https:\/\/p.eduzz.com\/2787363\" target=\"_blank\" rel=\"noreferrer noopener\">https:\/\/p.eduzz.com\/2787363<\/a><\/strong><\/p>\n\n\n\n<p>&#8212;&#8212;&#8212;&#8212;&#8212;&#8212;&#8212;&#8212;&#8212;&#8212;&#8212;&#8212;&#8212;&#8212;&#8212;&#8212;&#8212;&#8212;&#8212;&#8212;&#8212;&#8212;&#8212;&#8212;&#8212;&#8212;&#8212;&#8212;&#8212;&#8212;&#8212;&#8212;&#8212;&#8212;&#8212;-<\/p>\n\n\n\n<p class=\"has-vivid-red-color has-text-color has-medium-font-size\"><strong>Minhas Hist\u00f3rias Inici\u00e1ticas<\/strong><\/p>\n\n\n\n<figure class=\"wp-block-embed is-type-rich is-provider-soundcloud wp-block-embed-soundcloud wp-embed-aspect-4-3 wp-has-aspect-ratio\"><div class=\"wp-block-embed__wrapper\">\n<iframe loading=\"lazy\" title=\"Fraternidade dos 12 Raios\" width=\"525\" height=\"450\" scrolling=\"no\" frameborder=\"no\" src=\"https:\/\/w.soundcloud.com\/player\/?visual=true&#038;url=https%3A%2F%2Fapi.soundcloud.com%2Fusers%2F1069892614&#038;show_artwork=true&#038;maxheight=788&#038;maxwidth=525\"><\/iframe>\n<\/div><\/figure>\n","protected":false},"excerpt":{"rendered":"<p>DORIANA TAMBURINI conversa sobre Discos solares no #0100 #FritaMente Discos Solares: Um dos Maiores Segredos e Presentes para a Humanidade!Lendas, c\u00f3digos e conex\u00f5es c\u00f3smicas guardam um dos mist\u00e9rios mais fascinantes do nosso tempo: Os Discos Solares, portais de sabedoria e energia que unem passado, presente e futuro da humanidade &#8212;&#8212;&#8212;&#8212;&#8212;&#8212;&#8212;&#8212;&#8212;&#8212;&#8212;&#8212;&#8212;&#8212;&#8212;&#8212;&#8212;&#8212;&#8212;&#8212;&#8212;&#8212;&#8212;&#8212;&#8212;&#8212;&#8212;&#8212;&#8212;&#8212;&#8212;&#8212;&#8212;&#8211; RECONEX\u00c3O COM SEU DNA DIVINO &hellip; <\/p>\n<p class=\"link-more\"><a href=\"https:\/\/fraternidadedos12raios.com.br\/?page_id=794\" class=\"more-link\">Continue lendo<span class=\"screen-reader-text\"> &#8220;Podcast&#8221;<\/span><\/a><\/p>\n","protected":false},"author":1,"featured_media":0,"parent":0,"menu_order":0,"comment_status":"closed","ping_status":"closed","template":"","meta":[],"_links":{"self":[{"href":"https:\/\/fraternidadedos12raios.com.br\/index.php?rest_route=\/wp\/v2\/pages\/794"}],"collection":[{"href":"https:\/\/fraternidadedos12raios.com.br\/index.php?rest_route=\/wp\/v2\/pages"}],"about":[{"href":"https:\/\/fraternidadedos12raios.com.br\/index.php?rest_route=\/wp\/v2\/types\/page"}],"author":[{"embeddable":true,"href":"https:\/\/fraternidadedos12raios.com.br\/index.php?rest_route=\/wp\/v2\/users\/1"}],"replies":[{"embeddable":true,"href":"https:\/\/fraternidadedos12raios.com.br\/index.php?rest_route=%2Fwp%2Fv2%2Fcomments&post=794"}],"version-history":[{"count":9,"href":"https:\/\/fraternidadedos12raios.com.br\/index.php?rest_route=\/wp\/v2\/pages\/794\/revisions"}],"predecessor-version":[{"id":833,"href":"https:\/\/fraternidadedos12raios.com.br\/index.php?rest_route=\/wp\/v2\/pages\/794\/revisions\/833"}],"wp:attachment":[{"href":"https:\/\/fraternidadedos12raios.com.br\/index.php?rest_route=%2Fwp%2Fv2%2Fmedia&parent=794"}],"curies":[{"name":"wp","href":"https:\/\/api.w.org\/{rel}","templated":true}]}}