{"id":559,"date":"2022-01-10T09:41:03","date_gmt":"2022-01-10T11:41:03","guid":{"rendered":"http:\/\/fraternidadedos12raios.com.br\/?page_id=559"},"modified":"2022-01-10T09:48:06","modified_gmt":"2022-01-10T11:48:06","slug":"protocolo-pos-vacina","status":"publish","type":"page","link":"https:\/\/fraternidadedos12raios.com.br\/?page_id=559","title":{"rendered":"PROTOCOLO P\u00d3S VACINA"},"content":{"rendered":"\n<p>PROTOCOLO P\u00d3S VACINA INDICADO PELO DR. JOS\u00c9 AUGUSTO NASSER<\/p>\n\n\n\n<p>&#x25aa;&#xfe0f;IVERMECTINA durante 5d &#8211; Farm\u00e1cia<br>-(1 comp. para cada 30kg).<br>-Tomar ap\u00f3s o almo\u00e7o.<\/p>\n\n\n\n<p>&#x25aa;&#xfe0f;CH\u00c1 DE FUNCHO (3x dia)<br>-1 colher de sobremesa para cada x\u00edcara de \u00e1gua, durante 2 meses;<br>-https:\/\/www.tocadoverde.com.br\/funcho-doce-erva-doce-de-cabeca.html semente<br>https:\/\/www.chaecia.com.br\/funcho-foeniculum-vulgare\/p ch\u00e1<\/p>\n\n\n\n<p>&#x25aa;&#xfe0f;Vitamina C 500mg (1x dia) &#8211; Farm\u00e1cia<br>-Tomar 1 comp. \/ dia ap\u00f3s almo\u00e7o<\/p>\n\n\n\n<p>&#x25aa;&#xfe0f;Vitamina D 10.000 UI (1x Dia) &#8211; Farm\u00e1cia<br>-Tomar 1 comp.\/ dia ap\u00f3s o almo\u00e7o<\/p>\n\n\n\n<p>&#x25aa;&#xfe0f;Zinco 50 mg (1x Dia) &#8211; Farm\u00e1cia<br>-Tomar 1 comp. \/ dia ap\u00f3s o almo\u00e7o.<\/p>\n\n\n\n<p>&#x25aa;&#xfe0f;CARV\u00c3O ativado (3x dia) &#8211; Farm\u00e1cia<br>-Tomar 30 min. antes das refei\u00e7\u00f5es.<\/p>\n\n\n\n<p>&#x25aa;&#xfe0f;Suco de coentro (1xd)<br>-durante 2 meses<\/p>\n\n\n\n<p>&#x25aa;&#xfe0f;Anis estrelado (ch\u00e1) ou c\u00e1psulas &#8211; Loja de produto natural<br>-2 a 3 vezes por dia.<\/p>\n\n\n\n<p>&#x25aa;&#xfe0f;Ze\u00f3lita<br>-Tomar 1 colher de ch\u00e1 por 3 meses!<br>Premium \u00e9 de 2,5 gramas ( colher dosadora, vide embalagem) dilu\u00edda num copo d\u2019\u00e1gua de 200 ml em jejum.<br>Zeoquantic Standard \u00e9 uma colher de ch\u00e1 cheia ou 6-7 gramas ( colher dosadora, vide embalagem), num copo d\u2019\u00e1gua de 200 ml em jejum.<br>-Quem toma medicamentos em jejum, pode tomar antes de dormir.<br>-Manter um intervalo de 2 horas antes ou depois da medica\u00e7\u00e3o.<br>-https:\/\/produto.mercadolivre.com.br\/MLB-2092288644-3-x-zeolita-premium-100g-potencializada-detox-natural-_JM?quantity=1<\/p>\n\n\n\n<p>&#x25aa;&#xfe0f;Chlorella (Marcas: Now foods e da Green Geem)<br>-Tomar 10 comp. 30 min antes do caf\u00e9 da manh\u00e3 e 10 comp. 30 min antes do almo\u00e7o ou tomar 1 c\u00e1psula 2 vezes ao dia, meia hora antes das principais refei\u00e7\u00f5es (para manuten\u00e7\u00e3o).<br>-4 a 18 semanas &#8211; 6 a 10 g por dia (para manuten\u00e7\u00e3o).<br>-https:\/\/purachlorella.mercadoshops.com.br\/MLB-1911721924-chlorella-clorela-greem-gem-250g-1000-comprimidos-250mg-_JM https:\/\/purachlorella.mercadoshops.com.br\/<br>-https:\/\/produto.mercadolivre.com.br\/MLB-1911721924-chlorella-clorela-greem-gem-250g-1000-comprimidos-250mg-_JM?searchVariation=87526239239#reviews-summary<br>[Em resposta a Priscila]<br>COMO ELIMINAR A TOXICIDADE DAS VACINAS<\/p>\n\n\n\n<p>\u25cf Suramina: bloqueia a produ\u00e7\u00e3o da prote\u00edna S (Spike) dentro da c\u00e9lula porque ela \u00e9 um inibidor do RNA polimerase (enzima que faz com que seja produzida a prote\u00edna S).<\/p>\n\n\n\n<ul><li>Uma dose de 60 mg \u00e9 suficiente.<\/li><li>Ch\u00e1 de funcho e agulha de pinheiro branco (comum na Am\u00e9rica do Norte).<\/li><li>C\u00e1psulas de funcho 500 mg tem no Mercado Livre.<br>\u25cf Ivermectina<br>\u25cf Prata coloidal<br>\u25cf Lugol<br>\u25cf Azul de metileno<br>\u25cf Di\u00f3xido de cloro<br>\u25cf Dimetilglicina<br>\u25cf Clorela<br>\u25cf PQQ<br>\u25cf DMSO<br>\u25cf Ze\u00f3lita (poeira vulc\u00e2nica): elimina metais pesados. Proibida pela Anvisa.<br>\u25cf Carv\u00e3o ativado: pra a\u00e7\u00e3o aguda (n\u00e3o adianta se passar muito tempo).<br>\u25cf Coentro: antioxidante.<\/li><\/ul>\n\n\n\n<p>Conte\u00fado extra\u00eddo de uma live com o Dr. Jos\u00e9 Nasser.<br>__<br>EXAMES P\u00d3S-VACINA\u00c7\u00c3O<\/p>\n\n\n\n<ul><li>D\u00edmero-D;<\/li><li>PCR t;<\/li><li>Troponina;<\/li><li>Ferritina;<\/li><li>Fibrinog\u00eanio;<\/li><li>Hemograma completo;<\/li><li>Coagulograma;<\/li><li>Anti-heparina PF4 autoimune.<\/li><\/ul>\n\n\n\n<p>O Dr. Jos\u00e9 Nasser citou esses exames em uma de suas lives.<\/p>\n\n\n\n<p>&#8220;E conhecereis a verdade, e a verdade vos libertar\u00e1.&#8221;<br>Jo\u00e3o 8:32<\/p>\n\n\n\n<p>Se inscreva em nosso canal e compartilhe a nossa RED PILL.<\/p>\n\n\n\n<p>Canal @A_TOCA_DO_COELHO<br>Grupo @MATRIX_A_TOCA_DO_COELHO<\/p>\n\n\n\n<p><\/p>\n\n\n\n<p><a href=\"http:\/\/fraternidadedos12raios.com.br\/?page_id=362\">Voltar<\/a><\/p>\n","protected":false},"excerpt":{"rendered":"<p>PROTOCOLO P\u00d3S VACINA INDICADO PELO DR. JOS\u00c9 AUGUSTO NASSER &#x25aa;&#xfe0f;IVERMECTINA durante 5d &#8211; Farm\u00e1cia-(1 comp. para cada 30kg).-Tomar ap\u00f3s o almo\u00e7o. &#x25aa;&#xfe0f;CH\u00c1 DE FUNCHO (3x dia)-1 colher de sobremesa para cada x\u00edcara de \u00e1gua, durante 2 meses;-https:\/\/www.tocadoverde.com.br\/funcho-doce-erva-doce-de-cabeca.html sementehttps:\/\/www.chaecia.com.br\/funcho-foeniculum-vulgare\/p ch\u00e1 &#x25aa;&#xfe0f;Vitamina C 500mg (1x dia) &#8211; Farm\u00e1cia-Tomar 1 comp. \/ dia ap\u00f3s almo\u00e7o &#x25aa;&#xfe0f;Vitamina D 10.000 &hellip; <\/p>\n<p class=\"link-more\"><a href=\"https:\/\/fraternidadedos12raios.com.br\/?page_id=559\" class=\"more-link\">Continue lendo<span class=\"screen-reader-text\"> &#8220;PROTOCOLO P\u00d3S VACINA&#8221;<\/span><\/a><\/p>\n","protected":false},"author":1,"featured_media":0,"parent":0,"menu_order":0,"comment_status":"closed","ping_status":"closed","template":"","meta":[],"_links":{"self":[{"href":"https:\/\/fraternidadedos12raios.com.br\/index.php?rest_route=\/wp\/v2\/pages\/559"}],"collection":[{"href":"https:\/\/fraternidadedos12raios.com.br\/index.php?rest_route=\/wp\/v2\/pages"}],"about":[{"href":"https:\/\/fraternidadedos12raios.com.br\/index.php?rest_route=\/wp\/v2\/types\/page"}],"author":[{"embeddable":true,"href":"https:\/\/fraternidadedos12raios.com.br\/index.php?rest_route=\/wp\/v2\/users\/1"}],"replies":[{"embeddable":true,"href":"https:\/\/fraternidadedos12raios.com.br\/index.php?rest_route=%2Fwp%2Fv2%2Fcomments&post=559"}],"version-history":[{"count":2,"href":"https:\/\/fraternidadedos12raios.com.br\/index.php?rest_route=\/wp\/v2\/pages\/559\/revisions"}],"predecessor-version":[{"id":564,"href":"https:\/\/fraternidadedos12raios.com.br\/index.php?rest_route=\/wp\/v2\/pages\/559\/revisions\/564"}],"wp:attachment":[{"href":"https:\/\/fraternidadedos12raios.com.br\/index.php?rest_route=%2Fwp%2Fv2%2Fmedia&parent=559"}],"curies":[{"name":"wp","href":"https:\/\/api.w.org\/{rel}","templated":true}]}}