{"id":478,"date":"2021-09-01T17:17:42","date_gmt":"2021-09-01T20:17:42","guid":{"rendered":"https:\/\/fraternidadedos12raios.com.br\/?page_id=478"},"modified":"2021-09-01T17:30:38","modified_gmt":"2021-09-01T20:30:38","slug":"decreto-para-anular-efeitos-das-vacinas-e-nanotecnologias","status":"publish","type":"page","link":"https:\/\/fraternidadedos12raios.com.br\/?page_id=478","title":{"rendered":"Decreto para Anular Efeitos das Vacinas e Nanotecnologias"},"content":{"rendered":"\n<figure class=\"wp-block-image size-large\"><img src=\"http:\/\/fraternidadedos12raios.com.br\/wp-content\/uploads\/2021\/09\/DNA-Soul-Healing.jpg\" alt=\"\"\/><\/figure>\n\n\n\n<p class=\"has-text-align-center\"><br><strong><span class=\"has-inline-color has-vivid-purple-color\">Decreto para Anular Efeitos das Vacinas e Nanotecnologias<\/span><\/strong><br><\/p>\n\n\n\n<p class=\"has-text-align-left\">Eu, (nome completo), em comunh\u00e3o com meu Eu Superior e Presen\u00e7a Eu Sou, me conecto a minha Matriz de Alma para <strong>Resetar, Anular, Desprogramar <\/strong>em minhas c\u00e9lulas, \u00f3rg\u00e3os, todas as gl\u00e2ndulas, organismo, DNA, imediatamente de meu ser todas as toxinas, metal pesado, veneno, v\u00edrus, COVID, fungos, bact\u00e9rias, doen\u00e7as, nanotecnologias, vacinas, vacinas de COVID, implantes da n\u00e3o luz, dispositivos e radia\u00e7\u00f5es ou de qualquer outra natureza que sejam nocivas a mim e ao meu corpo, assim como eliminem imediatamente, transmutem, aniquilem todas as energias de baixa frequ\u00eancia vibrat\u00f3ria e todas as impurezas, f\u00edsicas, mentais, emocionais, energ\u00e9ticas e espirituais de todos os meus corpos, em todas linhas de tempo, espa\u00e7o, dimens\u00f5es e desdobramentos.<\/p>\n\n\n\n<p>DECRETO E DETERMINO as minhas c\u00e9lulas, gl\u00e2ndulas e DNA que n\u00e3o aceitem, n\u00e3o absorvam, n\u00e3o incorporem qualquer tipo de energias, toxinas, nanotecnologias, vacinas, vacinas de covid, medicamentos, v\u00edrus (incluindo COVID), bact\u00e9rias, doen\u00e7as, substancia ou ingredientes contaminados, envenenados, geneticamente alterados que possam causar qualquer mal ao meu ser e a minha Ascen\u00e7\u00e3o, pois eu, no pleno exerc\u00edcio de meu livre arb\u00edtrio, reivindico a prote\u00e7\u00e3o de todos os meus mentores, anjos e seres que Servem a Hierarquia da Luz Divina, o auxilio imediato com suas tecnologias para ANULAREM, RESETAREM e ANIQUILAREM os efeitos dessas formas de manipula\u00e7\u00e3o, onde por muitas vezes sou obrigada a me sujeitar.<\/p>\n\n\n\n<p>Neste momento EU CRIO atrav\u00e9s das minhas palavras e da minha inten\u00e7\u00e3o um escudo, um campo energ\u00e9tico dourado com energia Cr\u00edstica de prote\u00e7\u00e3o a minha volta, que me protege de todas as formas de controle mental, f\u00edsico ou interfer\u00eancias de todas as ordens, em rela\u00e7\u00e3o a minha vontade ou livre arb\u00edtrio e tamb\u00e9m de todos os seres, energias, dispositivos ou instrumentos da n\u00e3o luz, materiais ou n\u00e3o, que queiram prejudicar ou interromper a minha evolu\u00e7\u00e3o.<\/p>\n\n\n\n<p>Eu neste momento DETERMINO as minhas c\u00e9lulas que se reconstituam de acordo com a norma de Divina de Perfei\u00e7\u00e3o e Pureza, que minhas doze fitas de DNA sejam plenamente ativadas e promovam o ancoramento da luz e das frequ\u00eancias vibrat\u00f3rias das altas esferas angelicais, assim como ancorem as tecnologias de nossos irm\u00e3os estelares que trabalham com a Evolu\u00e7\u00e3o Ascensional do Universo, para suporte na remo\u00e7\u00e3o dessas energias contr\u00e1rias, RESETANDO e DIZIMANDO definitivamente todos os danos celulares, glandulares, no DNA e ramifica\u00e7\u00f5es causados por essa imposi\u00e7\u00e3o do sistema.<\/p>\n\n\n\n<p>Essas energias e subst\u00e2ncias s\u00e3o imediatamente anuladas, dizimadas e aniquiladas, pois eu (seu nome) no exerc\u00edcio do meu livre arb\u00edtrio e conhecimento, determino que assim se fa\u00e7a imediatamente!<\/p>\n\n\n\n<p>Minhas c\u00e9lulas vibram nas frequ\u00eancias Douradas do Cristo, vibram nas frequ\u00eancias da Alegria, autocura, autorregenera\u00e7\u00e3o acelerada de acordo com a Norma Divina da Perfei\u00e7\u00e3o!<\/p>\n\n\n\n<p>Ativar o Magnetismo do Sistema Imunol\u00f3gico Perfeito!<\/p>\n\n\n\n<p><strong>Eu Sou Livre<\/strong>! (3x)<\/p>\n\n\n\n<p>Estou aberta e receptiva aos Downloads de Luz para Fortalecer e Reprogramar todo meu Sistema!<\/p>\n\n\n\n<p>Gratid\u00e3o a Todos os envolvidos nesse Conhecimento e Liberta\u00e7\u00e3o da Matrix!<\/p>\n\n\n\n<p><em><span class=\"has-inline-color has-vivid-purple-color\">Michelle Gil 30\/08\/21 \u2013 Solicita\u00e7\u00e3o Irm\u00e3os Estelares<\/span><\/em><\/p>\n","protected":false},"excerpt":{"rendered":"<p>Decreto para Anular Efeitos das Vacinas e Nanotecnologias Eu, (nome completo), em comunh\u00e3o com meu Eu Superior e Presen\u00e7a Eu Sou, me conecto a minha Matriz de Alma para Resetar, Anular, Desprogramar em minhas c\u00e9lulas, \u00f3rg\u00e3os, todas as gl\u00e2ndulas, organismo, DNA, imediatamente de meu ser todas as toxinas, metal pesado, veneno, v\u00edrus, COVID, fungos, bact\u00e9rias, &hellip; <\/p>\n<p class=\"link-more\"><a href=\"https:\/\/fraternidadedos12raios.com.br\/?page_id=478\" class=\"more-link\">Continue lendo<span class=\"screen-reader-text\"> &#8220;Decreto para Anular Efeitos das Vacinas e Nanotecnologias&#8221;<\/span><\/a><\/p>\n","protected":false},"author":1,"featured_media":0,"parent":0,"menu_order":0,"comment_status":"closed","ping_status":"closed","template":"","meta":[],"_links":{"self":[{"href":"https:\/\/fraternidadedos12raios.com.br\/index.php?rest_route=\/wp\/v2\/pages\/478"}],"collection":[{"href":"https:\/\/fraternidadedos12raios.com.br\/index.php?rest_route=\/wp\/v2\/pages"}],"about":[{"href":"https:\/\/fraternidadedos12raios.com.br\/index.php?rest_route=\/wp\/v2\/types\/page"}],"author":[{"embeddable":true,"href":"https:\/\/fraternidadedos12raios.com.br\/index.php?rest_route=\/wp\/v2\/users\/1"}],"replies":[{"embeddable":true,"href":"https:\/\/fraternidadedos12raios.com.br\/index.php?rest_route=%2Fwp%2Fv2%2Fcomments&post=478"}],"version-history":[{"count":3,"href":"https:\/\/fraternidadedos12raios.com.br\/index.php?rest_route=\/wp\/v2\/pages\/478\/revisions"}],"predecessor-version":[{"id":483,"href":"https:\/\/fraternidadedos12raios.com.br\/index.php?rest_route=\/wp\/v2\/pages\/478\/revisions\/483"}],"wp:attachment":[{"href":"https:\/\/fraternidadedos12raios.com.br\/index.php?rest_route=%2Fwp%2Fv2%2Fmedia&parent=478"}],"curies":[{"name":"wp","href":"https:\/\/api.w.org\/{rel}","templated":true}]}}