{"id":260,"date":"2020-07-24T13:20:32","date_gmt":"2020-07-24T16:20:32","guid":{"rendered":"http:\/\/fraternidadedos12raios.com.br\/?page_id=260"},"modified":"2024-12-17T15:11:42","modified_gmt":"2024-12-17T17:11:42","slug":"variedades","status":"publish","type":"page","link":"https:\/\/fraternidadedos12raios.com.br\/?page_id=260","title":{"rendered":"Variedades"},"content":{"rendered":"\n<p><a href=\"https:\/\/fraternidadedos12raios.com.br\/?page_id=748\">Agradecimento 2024<\/a><\/p>\n\n\n\n<p><a href=\"http:\/\/fraternidadedos12raios.com.br\/?page_id=39\">Maria<\/a><\/p>\n\n\n\n<p><a href=\"http:\/\/fraternidadedos12raios.com.br\/?page_id=262\">Camelos n\u00e3o tiram f\u00e9rias<\/a><\/p>\n\n\n\n<p><a href=\"http:\/\/fraternidadedos12raios.com.br\/?page_id=388\">Uma Palavra com o Olhar D&#8217;Ele<\/a><\/p>\n\n\n\n<p><a href=\"http:\/\/fraternidadedos12raios.com.br\/?page_id=401\">2021 o in\u00edcio das revela\u00e7\u00f5es<\/a><\/p>\n","protected":false},"excerpt":{"rendered":"<p>Agradecimento 2024 Maria Camelos n\u00e3o tiram f\u00e9rias Uma Palavra com o Olhar D&#8217;Ele 2021 o in\u00edcio das revela\u00e7\u00f5es<\/p>\n","protected":false},"author":1,"featured_media":0,"parent":0,"menu_order":0,"comment_status":"closed","ping_status":"closed","template":"","meta":[],"_links":{"self":[{"href":"https:\/\/fraternidadedos12raios.com.br\/index.php?rest_route=\/wp\/v2\/pages\/260"}],"collection":[{"href":"https:\/\/fraternidadedos12raios.com.br\/index.php?rest_route=\/wp\/v2\/pages"}],"about":[{"href":"https:\/\/fraternidadedos12raios.com.br\/index.php?rest_route=\/wp\/v2\/types\/page"}],"author":[{"embeddable":true,"href":"https:\/\/fraternidadedos12raios.com.br\/index.php?rest_route=\/wp\/v2\/users\/1"}],"replies":[{"embeddable":true,"href":"https:\/\/fraternidadedos12raios.com.br\/index.php?rest_route=%2Fwp%2Fv2%2Fcomments&post=260"}],"version-history":[{"count":12,"href":"https:\/\/fraternidadedos12raios.com.br\/index.php?rest_route=\/wp\/v2\/pages\/260\/revisions"}],"predecessor-version":[{"id":753,"href":"https:\/\/fraternidadedos12raios.com.br\/index.php?rest_route=\/wp\/v2\/pages\/260\/revisions\/753"}],"wp:attachment":[{"href":"https:\/\/fraternidadedos12raios.com.br\/index.php?rest_route=%2Fwp%2Fv2%2Fmedia&parent=260"}],"curies":[{"name":"wp","href":"https:\/\/api.w.org\/{rel}","templated":true}]}}