{"id":15,"date":"2017-04-24T00:37:19","date_gmt":"2017-04-24T00:37:19","guid":{"rendered":"http:\/\/fraternidadedos12raios.com.br\/?page_id=15"},"modified":"2026-04-10T12:05:30","modified_gmt":"2026-04-10T15:05:30","slug":"cursos","status":"publish","type":"page","link":"https:\/\/fraternidadedos12raios.com.br\/?page_id=15","title":{"rendered":"Cursos"},"content":{"rendered":"\n<p class=\"has-text-align-center has-black-color has-luminous-vivid-amber-background-color has-text-color has-background\"><a href=\"Loja virtual dos cursos da\nEscola da Fraternidade dos 12 Raios\nclique aqui para&nbsp;entrar\" target=\"_blank\" rel=\"noreferrer noopener\"><strong>NOVIDADE:<\/strong><br><strong>Loja virtual dos cursos da<br>Escola da Fraternidade dos 12 Raios<br>clique aqui para&nbsp;entrar<\/strong><\/a><br><a rel=\"noreferrer noopener\" href=\"https:\/\/share.google\/DtHiBlWDAEH0Shxvq\" target=\"_blank\">https:\/\/share.google\/DtHiBlWDAEH0Shxvq<\/a><\/p>\n\n\n\n<p class=\"has-text-align-center\"> &#8212;&#8212;&#8212;&#8212;&#8212;&#8212;&#8212;&#8212;&#8212;&#8212;&#8212;&#8212;&#8212;&#8212;&#8212;&#8212;&#8212;&#8212;&#8212;&#8212;&#8212;&#8212;&#8212;&#8212;&#8212;&#8212;&#8212;&#8212;&#8212;&#8212;&#8212;&#8212;&#8212;&#8212;&#8212;&#8211;<br><a rel=\"noopener\" href=\"https:\/\/t.me\/+Zk6s-rY4V_1lYmFh\" target=\"_blank\"><strong><span style=\"color: #ff00ff;\">Participe de nosso grupo no Telegram:<\/span><\/strong><\/a><br><a rel=\"noopener\" href=\"https:\/\/t.me\/+Zk6s-rY4V_1lYmFh\" target=\"_blank\"><strong><span style=\"color: #ff00ff;\">Escola da Fraternidade dos 12 Raios<\/span><\/strong><\/a><br><a rel=\"noopener\" href=\"https:\/\/t.me\/+Zk6s-rY4V_1lYmFh\" target=\"_blank\"><strong><span style=\"color: #ff00ff;\">Divulga\u00e7\u00e3o dos Cursos e Viv\u00eancias com Doriana Tamburini<\/span><\/strong><\/a><\/p>\n\n\n\n<p>&#8212;&#8212;&#8212;&#8212;&#8212;&#8212;&#8212;&#8212;&#8212;&#8212;&#8212;&#8212;&#8212;&#8212;&#8212;&#8212;&#8212;&#8212;&#8212;&#8212;&#8212;&#8212;&#8212;&#8212;&#8212;&#8212;&#8212;&#8212;&#8212;&#8212;&#8212;&#8212;&#8212;&#8212;&#8212;&#8211;<\/p>\n\n\n\n<p class=\"has-text-align-center\"><span style=\"color: #0000ff;\"><a style=\"color: #0000ff;\" href=\"https:\/\/share.google\/AFBXJJ4Mz9bvIE4IW\" target=\"_blank\" rel=\"noopener\"><strong>Curso Online do Tarot da Fraternidade Branca<\/strong><\/a><\/span><\/p>\n\n\n\n<p class=\"has-text-align-center\"><a href=\"https:\/\/share.google\/AFBXJJ4Mz9bvIE4IW\" target=\"_blank\" rel=\"noopener\">No curso online do Tarot da Fraternidade Branca e as Cartas Sagradas dos 12 Raios, voc\u00ea embarca em uma jornada de aprendizado e conex\u00f5es profundas. Composto por sete aulas, elaboradas para proporcionar uma compreens\u00e3o melhor do Tarot da Fraternidade Branca, desde sua origem at\u00e9 sua aplica\u00e7\u00e3o pr\u00e1tica.<\/a><\/p>\n\n\n\n<p class=\"has-text-align-center\">&#8212;&#8212;&#8212;&#8212;&#8212;&#8212;&#8212;&#8212;&#8212;&#8212;&#8212;&#8212;&#8212;&#8212;&#8212;&#8212;&#8212;&#8212;&#8212;&#8212;&#8212;&#8212;&#8212;&#8212;&#8212;&#8212;&#8212;&#8212;&#8212;&#8212;&#8212;&#8212;&#8212;&#8212;&#8212;&#8211;<\/p>\n\n\n\n<p class=\"has-text-align-center\"><span style=\"color: #ff0000;\"><a style=\"color: #ff0000;\" href=\"https:\/\/www.youtube.com\/playlist?list=PLnGJalJt9EiP2IfvUk-mvBTDNNpRDHq66\"><strong>DHRUVA, COMANDANTE EUDORA: <br><em>NOSSAS ENGENHEIRAS E T\u00c9CNICOS SIDERAIS!<\/em> <br><span style=\"color: #000000;\">com Doriana Tamburini<\/span><\/strong><\/a><br><em><span style=\"color: #000000;\">Cursos e Viv\u00eancias dos Mestres da Fraternidade Branca dos 12 Raios<\/span><\/em><br><\/span><\/p>\n\n\n\n<p class=\"has-text-align-center\"><strong><span style=\"color: #ff0000;\"><a style=\"color: #ff0000;\" href=\"https:\/\/www.youtube.com\/live\/KcHMky0aH20?si=5rJvJYpGB55Qvo_9\">REIKI KWAN AHAN C\u00d3SMICA E DRAGONA NYORAI! <br><span style=\"color: #000000;\">Live com Doriana Tamburini<\/span><\/a><br><\/span><\/strong><span style=\"color: #000000;\">Inicia\u00e7\u00e3o ao Reike Kwan Ahan C\u00f3smica e Dragona Nyorai<\/span><strong><span style=\"color: #ff0000;\"><br><\/span><\/strong><\/p>\n\n\n\n<p class=\"has-text-align-center\"><strong><a href=\"https:\/\/www.youtube.com\/live\/Gk18npqy9AE?si=VessUywh19AnQi_4\"><span style=\"color: #ff0000;\">INTRODU\u00c7\u00c3O AO SISTEMA PROTECIONAL E \u00c1RVORE DA VIDA! <br><span style=\"color: #000000;\">com Doriana Tamburini<\/span><\/span><\/a><br>*Cursos e Viv\u00eancias dos Mestres da Fraternidade Branca dos 12 Raios<\/strong><br>*Inicia\u00e7\u00e3o ao Caminho Sagrado do Cora\u00e7\u00e3o*, <br>(o mesmo Caminho percorrido por nosso Mestre Jesus):<\/p>\n\n\n\n<p class=\"has-text-align-center\"><strong>*AULA 1*:<\/strong> O Caminho Interno de suas gl\u00e2ndulas at\u00e9 chegar na C\u00e2mara Secreta do seu Cora\u00e7\u00e3o! Ativa\u00e7\u00e3o da Chama Trina e do Cristo Pessoal\/Interno.<\/p>\n\n\n\n<p class=\"has-text-align-center\"><strong>*AULA 2*:<\/strong> &#8220;Caminhando pelas Portas Internas&#8221;!<\/p>\n\n\n\n<p class=\"has-text-align-center\"><strong>*AULA 3*:<\/strong> &#8220;Portas Internas, Biblioteca e Inicia\u00e7\u00e3o Final!<\/p>\n\n\n\n<p class=\"has-text-align-center\"><strong><em>Curso com Certificado para quem participar das 3 aulas<\/em><\/strong><\/p>\n\n\n\n<p class=\"has-text-align-center\"><strong><span style=\"color: #800080;\">NOVO CURSO&nbsp;<\/span><\/strong><br><strong><span style=\"color: #ff6600;\"><em>Chacras, Cristais, Ervas e Florais para o Novo Tempo<\/em><\/span><br><a href=\"https:\/\/www.facebook.com\/groups\/906068344028266\" target=\"_blank\" rel=\"noopener\"><span style=\"color: #ff0000;\">clique aqui para mais informa\u00e7\u00f5es<\/span><\/a><\/strong><\/p>\n\n\n\n<p class=\"has-text-align-center\"><strong>FRATERNIDADE DOS 12 RAIOS<\/strong><\/p>\n\n\n\n<p class=\"has-text-align-center\"><strong>CURSO DE FORMA\u00c7\u00c3O DE TERAPEUTAS MULTIDIMENSIONAIS<\/strong><\/p>\n\n\n\n<p class=\"has-text-align-center\"><strong>POR DORIANA TAMBURINI<\/strong><\/p>\n\n\n\n<p><span style=\"color: #ff0000;\"><strong>Viv\u00eancia do Caminho Sagrado do Cora\u00e7\u00e3o<\/strong><\/span><\/p>\n\n\n\n<p>Um Caminho de Autoconhecimento e Aperfei\u00e7oamento, com a Ativa\u00e7\u00e3o das 12 Chamas Internas e Sagradas, sendo a 1\u00aa ativa\u00e7\u00e3o Interna at\u00e9 a C\u00e2mara do Oculto e os 12 Raios e a 2\u00aa Ativa\u00e7\u00e3o das 7 Salas Internas e os Registros Ak\u00e1shicos. <strong>Link para live<\/strong>: <a href=\"https:\/\/www.facebook.com\/groups\/149211683040937\/\" target=\"_blank\" rel=\"noopener\">https:\/\/www.facebook.com\/groups\/149211683040937\/<\/a><\/p>\n\n\n\n<p><span style=\"color: #ff0000;\"><strong>Gl\u00e2ndulas, Nossas Mestras<\/strong><\/span><\/p>\n\n\n\n<p>Destinado a preparar o Corpo F\u00edsico, ativando as Fun\u00e7\u00f5es Espirituais das Gl\u00e2ndulas, para melhor sintoniza\u00e7\u00e3o com os Corpos de Luz, atrav\u00e9s de viv\u00eancias.<\/p>\n\n\n\n<p><strong>Link para live<\/strong>: <a href=\"https:\/\/www.facebook.com\/Doriana12Raios\/videos\/936090910245903\/\" target=\"_blank\" rel=\"noopener\">https:\/\/www.facebook.com\/Doriana12Raios\/videos\/936090910245903\/<\/a><\/p>\n\n\n\n<p><span style=\"color: #ff0000;\"><strong>Reg\u00eancia dos 12 Raios<\/strong><\/span><\/p>\n\n\n\n<p>Este Curso ensina Sobre a Fraternidade Branca, a Fraternidade dos 12 Raios e, de forma pr\u00e1tica, a trabalhar Raio por Raio, Seus Mestres e Mestras, Arcanjos e Arqu\u00e9ias, Elohins e Eloh\u00e1s, suas Qualidades e Prop\u00f3sitos Divinos.<\/p>\n\n\n\n<p><strong>Link para live<\/strong>: <a href=\"https:\/\/m.facebook.com\/story.php?story_fbid=949533588901635&amp;id=100015350078166&amp;sfnsn=wiwspmo&amp;extid=iWP8oj7olHxqxHUf&amp;d=n&amp;vh=i\" target=\"_blank\" rel=\"noopener\">https:\/\/m.facebook.com\/story.php?story_fbid=949533588901635&amp;id=100015350078166&amp;sfnsn=wiwspmo&amp;extid=i<\/a><a href=\"https:\/\/m.facebook.com\/story.php?story_fbid=949533588901635&amp;id=100015350078166&amp;sfnsn=wiwspmo&amp;extid=iWP8oj7olHxqxHUf&amp;d=n&amp;vh=i\">WP8oj7olHxqxHUf&amp;d=n&amp;vh=i<\/a><\/p>\n\n\n\n<p><span style=\"color: #ff0000;\"><strong>Os 12 Raios Ocultos da Nova Consci\u00eancia<\/strong><\/span><\/p>\n\n\n\n<p>Viv\u00eancia e atualiza\u00e7\u00e3o das Energias dos 12 Raios Ocultos da Fraternidade dos 12 Raios, ensinando, de forma pr\u00e1tica, a trabalhar Raio por Raio, Seus Mestres e Mestras, Arcanjos e Arqu\u00e9ias, Elohins e Eloh\u00e1s. Imprescind\u00edvel fazer antes a Reg\u00eancia dos 12 Raios.<\/p>\n\n\n\n<p><strong>Link para live<\/strong>: <a href=\"https:\/\/www.facebook.com\/groups\/363056788276850\" target=\"_blank\" rel=\"noopener\">https:\/\/www.facebook.com\/groups\/363056788276850<\/a><\/p>\n\n\n\n<p><span style=\"color: #ff0000;\"><strong><br>Respondendo ao Chamado MultiDimensional<\/strong><\/span><\/p>\n\n\n\n<p>Destinado a aprender como utilizar a MultiDimensionalidade a seu favor.<\/p>\n\n\n\n<p><strong>Link para live<\/strong>: <a href=\"https:\/\/www.facebook.com\/groups\/1751439618336441\/?ref=share\" target=\"_blank\" rel=\"noopener\">https:\/\/www.facebook.com\/groups\/1751439618336441\/?ref=share<\/a><\/p>\n\n\n\n<p><strong><br><span style=\"color: #ff0000;\">Sistema Protecional de Metatrom<\/span><\/strong><\/p>\n\n\n\n<p>Destinado a aprender o Sistema Protecional da Fraternidade dos 12 Raios, suas Ferramentas, Utiliza\u00e7\u00f5es e a preparar o Corpo F\u00edsico com os Corpos Invis\u00edveis, para melhor sintoniza\u00e7\u00e3o com os Corpos de Luz, com aux\u00edlio de Mantras Antarianos.<\/p>\n\n\n\n<p><strong>Link para live<\/strong>: <a href=\"https:\/\/www.facebook.com\/groups\/603883366829572\/\" target=\"_blank\" rel=\"noopener\">https:\/\/www.facebook.com\/groups\/603883366829572\/<\/a><\/p>\n\n\n\n<p><span style=\"color: #ff0000;\"><strong>Hist\u00f3ria e Viv\u00eancia com os Discos Solares (dividido em 3 M\u00f3dulos)<\/strong><\/span><\/p>\n\n\n\n<p>Uma profunda viv\u00eancia e contato com as energias dos 13 Discos Solares e dos Retiros Intraterrenos.<\/p>\n\n\n\n<p><strong>Link para live<\/strong>: <a href=\"https:\/\/www.facebook.com\/groups\/1047308389083412\" target=\"_blank\" rel=\"noopener\">https:\/\/www.facebook.com\/groups\/1047308389083412<\/a><\/p>\n\n\n\n<p><span style=\"color: #ff0000;\"><strong>Devas, Elementais e Elementares<\/strong><\/span><\/p>\n\n\n\n<p>Uma vis\u00e3o sobre o Reino D\u00e9vico, o Reino Elemental, os Seres da Natureza e suas Leis e uma abordagem Espiritualista sobre o Elemental do Nosso Corpo.<\/p>\n\n\n\n<p><strong>Link para live<\/strong>: <a href=\"https:\/\/www.facebook.com\/groups\/639943450027225\" target=\"_blank\" rel=\"noopener\">https:\/\/www.facebook.com\/groups\/639943450027225<\/a><\/p>\n\n\n\n<p><span style=\"color: #ff0000;\"><strong>Mesa Metatr\u00f4nica Sagrada<\/strong><\/span><\/p>\n\n\n\n<p>Consiste numa Nova Abordagem sobre a Radi\u00f4nica e o Conceito Espiritualista deste Instrumento, aliado \u00e0 introdu\u00e7\u00e3o aos S\u00f3lidos Plat\u00f4nicos.<\/p>\n\n\n\n<p><strong>Link para live<\/strong>: <a href=\"https:\/\/www.facebook.com\/groups\/206729840501979\/?ref=share\" target=\"_blank\" rel=\"noopener\">https:\/\/www.facebook.com\/groups\/206729840501979\/?ref=share<\/a><\/p>\n\n\n\n<p><span style=\"color: #ff0000;\"><strong>Reiki da Kwan Ahan C\u00f3smica e a Dragona Nyorai<\/strong><\/span><\/p>\n\n\n\n<p>Um Reiki diferenciado que mexe com Tempo, Chips, Implantes, remove formas-pensamento, implanta coisas novas, trabalhando na sintonia frequencial da Divina Presen\u00e7a \u201cEu Sou\u201d.<\/p>\n\n\n\n<p><strong>Link para live<\/strong>: <a href=\"https:\/\/www.facebook.com\/groups\/515179609172766\/\" target=\"_blank\" rel=\"noopener\">https:\/\/www.facebook.com\/groups\/515179609172766\/<\/a><\/p>\n\n\n\n<p class=\"has-text-align-center\"><span style=\"color: #ff00ff;\"><strong>OUTROS CURSOS DA FRATERNIDADE DOS 12 RAIOS<\/strong><\/span><\/p>\n\n\n\n<p><span style=\"color: #ff00ff;\"><strong>Reiki Rel\u00e2mpago \u2013 o Reiki da Fraternidade Branca<\/strong><\/span><\/p>\n\n\n\n<p>Destinado a quem deseja aprender a maravilhosa t\u00e9cnica de Cura Reiki, nos N\u00edveis I, II, III e Mestrado, com s\u00edmbolos complementares ao tradicional Reiki Usui. T\u00e9cnicas avan\u00e7adas de tratamento.<\/p>\n\n\n\n<p><strong>Link para live<\/strong>: <a href=\"https:\/\/www.facebook.com\/groups\/1078779575928973\/\" target=\"_blank\" rel=\"noopener\">https:\/\/www.facebook.com\/groups\/1078779575928973\/<\/a><\/p>\n\n\n\n<p><span style=\"color: #ff00ff;\"><strong>Tarot da Fraternidade Branca e as 12 Cartas Sagradas dos Raios<\/strong><\/span><\/p>\n\n\n\n<p>Uma Vis\u00e3o Espiritualista neste Novo Instrumento que levou 20 anos para ser finalmente entregue \u00e0 Humanidade. Canalizado por Ricardo Ribeiro Machado, com orienta\u00e7\u00f5es de Metatrom, Sandalphom e Arcanjo Ariel.<\/p>\n\n\n\n<p><strong>Link para live<\/strong>: <a href=\"https:\/\/www.hotmart.com\/product\/curso-online-tarot-da-fraternidade-branca\/V32017269F?cd=1&amp;utm_expid=.bTdDhGQLRzGWwEmPzVvrlQ.1&amp;utm_referrer\" target=\"_blank\" rel=\"noopener\">https:\/\/www.hotmart.com\/product\/curso-online-tarot-da-fraternidade-<\/a> <a href=\"https:\/\/www.hotmart.com\/product\/curso-online-tarot-da-fraternidade-branca\/V32017269F?cd=1&amp;utm_expid=.bTdDhGQLRzGWwEmPzVvrlQ.1&amp;utm_referrer\">branca\/V32017269F?cd=1&amp;utm_expid=.bTdDhGQLRzGWwEmPzVvrlQ.1&amp;utm_referrer=<\/a><\/p>\n\n\n\n<p><span style=\"color: #ff00ff;\"><strong>O Segredo Feminino (dividido em 2 m\u00f3dulos)<\/strong><\/span><\/p>\n\n\n\n<p>Destinado exclusivamente a mulheres, onde iremos tratar de nossas dores, dramas, sofrimentos e liberta\u00e7\u00e3o.<\/p>\n\n\n\n<p><strong>Link para live<\/strong>: <a href=\"https:\/\/www.facebook.com\/groups\/1005159869970309\" target=\"_blank\" rel=\"noopener\">https:\/\/www.facebook.com\/groups\/1005159869970309<\/a><\/p>\n\n\n\n<p><strong><br><span style=\"color: #ff00ff;\">Cuidando da Linhagem Ancestral Masculina<\/span><\/strong><\/p>\n\n\n\n<p>Uma abordagem de cura e liberta\u00e7\u00e3o de toda nossa ancestralidade masculina.<\/p>\n\n\n\n<p><strong>Link para live<\/strong>: <a href=\"https:\/\/www.facebook.com\/groups\/106387211406229\/?ref=share\" target=\"_blank\" rel=\"noopener\">https:\/\/www.facebook.com\/groups\/106387211406229\/?ref=share<\/a><\/p>\n\n\n\n<p><strong><br><span style=\"color: #ff00ff;\">Seu Staff Divino, Corpo e Chacra Causal<\/span><\/strong><\/p>\n\n\n\n<p>Uma compreens\u00e3o mais profunda dos trabalhos do nosso Anjo de Guarda, do Elemental dos nossos Corpos e de toda Hierarquia Divina em nossa vida.<\/p>\n\n\n\n<p><strong>Link para live<\/strong>: <a href=\"https:\/\/www.facebook.com\/groups\/916086925834184\" target=\"_blank\" rel=\"noopener\">https:\/\/www.facebook.com\/groups\/916086925834184<\/a><\/p>\n\n\n\n<p class=\"has-text-align-center\"><span style=\"color: #993366;\"><em><strong>Participe dos grupos no Facebook&nbsp;<\/strong><\/em><\/span><\/p>\n\n\n\n<h6><span style=\"color: #993366;\"><em>Linktr.ee<\/em><\/span><br><span style=\"color: #993366;\"><em><strong>Acesse tamb\u00e9m nossa p\u00e1gina de links que te direcionar\u00e3o para v\u00e1rios acessos de <br>Cursos, Lives, Grupos etc&#8230;<\/strong>. &nbsp;&nbsp;<a style=\"color: #993366;\" href=\"https:\/\/linktr.ee\/Doritambor\" target=\"_blank\" rel=\"noopener noreferrer\">clique aqui <\/a><a style=\"color: #993366;\" href=\"http:\/\/www.fraternidadedos12raios.com.br\\pdf\\cursos_2017.pdf\" target=\"_blank\" rel=\"noopener noreferrer\">.::<\/a><\/em><\/span><\/h6>\n\n\n\n<h6><span style=\"color: #993366;\"><em><strong>::. Para conhecer nossos cursos, acesse as informa\u00e7\u00f5es em arquivo PDF: <\/strong><a style=\"color: #993366;\" href=\"http:\/\/www.fraternidadedos12raios.com.br\/pdf\/Cursos.pdf\" target=\"_blank\" rel=\"noopener noreferrer\">clique aqui <\/a><a style=\"color: #993366;\" href=\"http:\/\/www.fraternidadedos12raios.com.br\\pdf\\cursos_2017.pdf\" target=\"_blank\" rel=\"noopener noreferrer\">.::<\/a><\/em><\/span><\/h6>\n\n\n\n<p><\/p>\n","protected":false},"excerpt":{"rendered":"<p>NOVIDADE:Loja virtual dos cursos daEscola da Fraternidade dos 12 Raiosclique aqui para&nbsp;entrarhttps:\/\/share.google\/DtHiBlWDAEH0Shxvq &#8212;&#8212;&#8212;&#8212;&#8212;&#8212;&#8212;&#8212;&#8212;&#8212;&#8212;&#8212;&#8212;&#8212;&#8212;&#8212;&#8212;&#8212;&#8212;&#8212;&#8212;&#8212;&#8212;&#8212;&#8212;&#8212;&#8212;&#8212;&#8212;&#8212;&#8212;&#8212;&#8212;&#8212;&#8212;&#8211;Participe de nosso grupo no Telegram:Escola da Fraternidade dos 12 RaiosDivulga\u00e7\u00e3o dos Cursos e Viv\u00eancias com Doriana Tamburini &#8212;&#8212;&#8212;&#8212;&#8212;&#8212;&#8212;&#8212;&#8212;&#8212;&#8212;&#8212;&#8212;&#8212;&#8212;&#8212;&#8212;&#8212;&#8212;&#8212;&#8212;&#8212;&#8212;&#8212;&#8212;&#8212;&#8212;&#8212;&#8212;&#8212;&#8212;&#8212;&#8212;&#8212;&#8212;&#8211; Curso Online do Tarot da Fraternidade Branca No curso online do Tarot da Fraternidade Branca e as Cartas Sagradas dos 12 Raios, voc\u00ea embarca &hellip; <\/p>\n<p class=\"link-more\"><a href=\"https:\/\/fraternidadedos12raios.com.br\/?page_id=15\" class=\"more-link\">Continue lendo<span class=\"screen-reader-text\"> &#8220;Cursos&#8221;<\/span><\/a><\/p>\n","protected":false},"author":1,"featured_media":863,"parent":0,"menu_order":0,"comment_status":"closed","ping_status":"closed","template":"","meta":[],"_links":{"self":[{"href":"https:\/\/fraternidadedos12raios.com.br\/index.php?rest_route=\/wp\/v2\/pages\/15"}],"collection":[{"href":"https:\/\/fraternidadedos12raios.com.br\/index.php?rest_route=\/wp\/v2\/pages"}],"about":[{"href":"https:\/\/fraternidadedos12raios.com.br\/index.php?rest_route=\/wp\/v2\/types\/page"}],"author":[{"embeddable":true,"href":"https:\/\/fraternidadedos12raios.com.br\/index.php?rest_route=\/wp\/v2\/users\/1"}],"replies":[{"embeddable":true,"href":"https:\/\/fraternidadedos12raios.com.br\/index.php?rest_route=%2Fwp%2Fv2%2Fcomments&post=15"}],"version-history":[{"count":74,"href":"https:\/\/fraternidadedos12raios.com.br\/index.php?rest_route=\/wp\/v2\/pages\/15\/revisions"}],"predecessor-version":[{"id":864,"href":"https:\/\/fraternidadedos12raios.com.br\/index.php?rest_route=\/wp\/v2\/pages\/15\/revisions\/864"}],"wp:featuredmedia":[{"embeddable":true,"href":"https:\/\/fraternidadedos12raios.com.br\/index.php?rest_route=\/wp\/v2\/media\/863"}],"wp:attachment":[{"href":"https:\/\/fraternidadedos12raios.com.br\/index.php?rest_route=%2Fwp%2Fv2%2Fmedia&parent=15"}],"curies":[{"name":"wp","href":"https:\/\/api.w.org\/{rel}","templated":true}]}}