{"id":94,"date":"2018-04-21T11:06:18","date_gmt":"2018-04-21T11:06:18","guid":{"rendered":"http:\/\/fraternidadedos12raios.com.br\/?page_id=94"},"modified":"2025-07-10T10:02:41","modified_gmt":"2025-07-10T13:02:41","slug":"videos","status":"publish","type":"page","link":"http:\/\/fraternidadedos12raios.com.br\/?page_id=94","title":{"rendered":"V\u00eddeos"},"content":{"rendered":"<p>\u00a0<\/p>\n<p><strong><span style=\"color: #ff0000;\">NOVIDADE:<\/span><\/strong><br \/>Canal Mestres Ascensos. <br \/>Um canal para a expans\u00e3o do amor incondicional, da Unidade e luz cr\u00edstica.<\/p>\n<p><a href=\"https:\/\/www.youtube.com\/@mestresascensos\" target=\"_blank\" rel=\"noopener\">https:\/\/www.youtube.com\/@mestresascensos\u00a0<\/a><\/p>\n<p>\u00a0<\/p>\n<p>========================================================<\/p>\n<p>Para quem desejar conhecer nosso trabalho, essa \u00e9 a Playlist com as Aulas Gratuitas de Doriana Tamburini no Canal Mestres Ascensos, incluindo as aulas 1 a 7 sobre o Staff Divino!<\/p>\n<p><iframe loading=\"lazy\" title=\"AULAS COM DORIANA TAMBURINI da Fraternidade dos 12 Raios\" width=\"525\" height=\"295\" src=\"https:\/\/www.youtube.com\/embed\/videoseries?list=PLnGJalJt9EiP2IfvUk-mvBTDNNpRDHq66\" frameborder=\"0\" allow=\"accelerometer; autoplay; clipboard-write; encrypted-media; gyroscope; picture-in-picture; web-share\" referrerpolicy=\"strict-origin-when-cross-origin\" allowfullscreen><\/iframe><\/p>\n<p>===============================================<\/p>\n<p><iframe loading=\"lazy\" title=\"\ud83d\udc7d\ud83d\udef8Eu conheci uma nova ra\u00e7a extraterrestre!! com Doriana Tamburini\" width=\"525\" height=\"295\" src=\"https:\/\/www.youtube.com\/embed\/ApHL13U-E_s?feature=oembed\" frameborder=\"0\" allow=\"accelerometer; autoplay; clipboard-write; encrypted-media; gyroscope; picture-in-picture; web-share\" referrerpolicy=\"strict-origin-when-cross-origin\" allowfullscreen><\/iframe><\/p>\n<p>===============================================<\/p>\n<p><strong><em><span style=\"color: #ff0000;\">Not\u00edcia MARAVILHOSA: o v\u00e9u caiu HOJE!<\/span><\/em><\/strong><br \/><strong><em><span style=\"color: #ff0000;\">Tati Pinh\u00e8iro com Doriana Tamburini<\/span><\/em><\/strong><br \/><a href=\"https:\/\/www.youtube.com\/live\/TGJEgNLFo-s\" target=\"_blank\" rel=\"noopener\">https:\/\/www.youtube.com\/live\/TGJEgNLFo-s\u00a0\u00a0<\/a><\/p>\n<p>===============================================<\/p>\n<p><span style=\"color: #ff0000;\"><em><strong>Tempos dif\u00edceis | Fl\u00e1vio Valle com Doriana Tamburini<br \/><\/strong><\/em><\/span><a href=\"https:\/\/www.youtube.com\/live\/px2CfWQwcVc?si=8PvPR-MMviCp8Ahw\" target=\"_blank\" rel=\"noopener\">https:\/\/www.youtube.com\/live\/px2CfWQwcVc?si=8PvPR-MMviCp8Ahw\u00a0<\/a><\/p>\n<p>===============================================<\/p>\n<p><strong><em><span style=\"color: #993366;\">Lives do dia 01 de maio de 2023, com Doriana Tamburini<\/span><\/em><\/strong><\/p>\n<p><strong>Portal do Disco Solar Aroman\u00e9 das Chamas G\u00eameas:<\/strong><\/p>\n<p><a href=\"https:\/\/m.facebook.com\/groups\/1208929482883682\/permalink\/1663245894118703\/?paipv=0&amp;eav=AfZ9qmfBerm-UfVIHUHTC808SQRFN5FZYLYywf6wJ1SgOzGicxNMkczS3zIpGbF57io\" target=\"_blank\" rel=\"noopener\"><span style=\"color: #ff0000;\"><strong>Medita\u00e7\u00e3o 11:11<\/strong><\/span><\/a><\/p>\n<p><a href=\"https:\/\/www.instagram.com\/tv\/CrtLE5kA7Tu\/?igshid=MDJmNzVkMjY%3D&amp;fbclid=IwAR2K77DWpm4Dna-a22yKV7S-Fg2z-DMRVbxeltlhMeDN4idxYaLHrt2TyMk\" target=\"_blank\" rel=\"noopener\"><span style=\"color: #ff0000;\"><strong>Medita\u00e7\u00e3o 12:12<\/strong><\/span><\/a><\/p>\n<p><a href=\"https:\/\/www.youtube.com\/watch?v=Gp5aDDBOsbw\" target=\"_blank\" rel=\"noopener\"><span style=\"color: #ff0000;\"><strong>Medita\u00e7\u00e3o 13:13<\/strong><\/span><\/a><\/p>\n<p>============================================<\/p>\n<p><span style=\"color: #ff0000;\"><strong>YouTube:<\/strong><\/span><br \/><a href=\"https:\/\/youtube.com\/channel\/UCVj6QP3mBiehhEDO8VYnc7w\" target=\"_blank\" rel=\"noopener noreferrer\">01). &#8211; Canal Doriana Tamburini News Meditation\u00a0<\/a><\/p>\n<p><a href=\"https:\/\/youtube.com\/user\/Dori24Raiosx\" target=\"_blank\" rel=\"noopener noreferrer\">02). &#8211; Canal Doriana Tamburini<\/a><\/p>\n<p>03). &#8211; Canal Kroontv Evolution &#8211;\u00a0<br \/><a href=\"https:\/\/www.youtube.com\/playlist?list=PL56W1olFMKqABXfWbGXEC9c0oS394nIj1\" target=\"_blank\" rel=\"noopener\">Harmonia C\u00f3smica<\/a><\/p>\n<p>04). &#8211; Canal Kroontv Evolution &#8211;\u00a0<br \/><a href=\"https:\/\/youtu.be\/yem7NrOVBsc\" target=\"_blank\" rel=\"noopener\">(Harmonia C\u00f3smica) O Sistema Protecional de Metratom<\/a><\/p>\n<p>05). &#8211; Canal Kroontv Evolution &#8211;\u00a0<br \/><a href=\"https:\/\/youtu.be\/rTyFk6Ya1dc\">(Harmonia C\u00f3smica) Atividades da Fraternidade Branca<\/a><\/p>\n<p><span style=\"color: #ff0000;\"><strong>Facebook:<\/strong><\/span><br \/><span style=\"color: #ff0000;\"><span style=\"color: #333333;\">01). &#8211; <strong>Doriana Tamburini<\/strong><\/span><\/span><span style=\"color: #333333;\"><strong> na<\/strong><\/span> <strong><em>TV Gallactica<\/em><\/strong><strong><em>:<br \/><\/em><\/strong><a style=\"font-size: inherit;\" href=\"https:\/\/www.facebook.com\/watch\/live\/?v=370187093964534&amp;ref=watch_permalink\" target=\"_blank\" rel=\"noopener noreferrer\">O Destino \u00e9 a Luz Pontal Energ\u00e9tica\u00a0 &#8211; <em>clique aqui<\/em><\/a><\/p>\n<p>\u00a0<\/p>\n<p><span style=\"color: #ff0000;\"><strong>Instagram:<br \/><\/strong><\/span>01). &#8211; Doriana Tamburini &#8211; entrevistada por Patr\u00edcia Beni, via Instagram<br \/>Tema: Como superar o luto<br \/><a href=\"https:\/\/www.instagram.com\/tv\/CNEF3IWl95T\/?utm_source=ig_web_copy_link\" target=\"_blank\" rel=\"noopener noreferrer\">Clique aqui<\/a><\/p>\n<p>\u00a0<\/p>\n<hr \/>\n<p style=\"text-align: center;\"><span style=\"color: #ff0000;\"><strong>Abortos, Suas Consequ\u00eancias e Solu\u00e7\u00f5es<\/strong><\/span><\/p>\n<p>Atendimentos coletivos dos Abortados com Doriana Tamburini<\/p>\n<p>\u00a0<\/p>\n<p><strong><span style=\"color: #ff0000;\">&#8230;.NOVO&#8230;.<\/span> Falando de Abortos, Abortados e suas consequ\u00eancias no aspecto espiritual<\/strong><\/p>\n<p><iframe loading=\"lazy\" title=\"Falando de Abortos Abortados e Suas Consequ\u00eancias no Aspecto Espiritual\" width=\"525\" height=\"295\" src=\"https:\/\/www.youtube.com\/embed\/pR2UM0H4S58?feature=oembed\" frameborder=\"0\" allow=\"accelerometer; autoplay; clipboard-write; encrypted-media; gyroscope; picture-in-picture; web-share\" referrerpolicy=\"strict-origin-when-cross-origin\" allowfullscreen><\/iframe><\/p>\n<p>\u00a0<\/p>\n<p>Programa na R\u00e1dio Portal da Ascens\u00e3o de Kaliel Conrado Edi\u00e7\u00e3o Sandra Ramos<\/p>\n<p><iframe loading=\"lazy\" title=\"Abortos, Suas Consequ\u00eancias e Solu\u00e7\u00f5es\" width=\"525\" height=\"295\" src=\"https:\/\/www.youtube.com\/embed\/7m2FlIX4w0w?feature=oembed\" frameborder=\"0\" allow=\"accelerometer; autoplay; clipboard-write; encrypted-media; gyroscope; picture-in-picture; web-share\" referrerpolicy=\"strict-origin-when-cross-origin\" allowfullscreen><\/iframe><\/p>\n<hr \/>\n<p>Clique:\u00a0<a href=\"https:\/\/www.youtube.com\/channel\/UCnsVW9dl_EgNhLqiHFlOTFg\" target=\"_blank\" rel=\"noopener\">Canal &#8220;Aborto&#8221;<\/a>\u00a0&#8211; para acessar<br \/>Doriana Tamburini &#8211; Harmonia C\u00f3smica &#8211; TV Gallactica<\/p>\n<p><iframe loading=\"lazy\" title=\"ABORTOS PARTE 01\" width=\"525\" height=\"295\" src=\"https:\/\/www.youtube.com\/embed\/40Q8C-FdFu8?feature=oembed\" frameborder=\"0\" allow=\"accelerometer; autoplay; clipboard-write; encrypted-media; gyroscope; picture-in-picture; web-share\" referrerpolicy=\"strict-origin-when-cross-origin\" allowfullscreen><\/iframe><\/p>\n<p><iframe loading=\"lazy\" title=\"PARTE 2   INSTRU\u00c7\u00d5ES E PROCEDIMENTOS NAS A\u00c7\u00d5ES ADEQUADAS PARA QUEST\u00c3O DOS ABORTADOS !!!\" width=\"525\" height=\"295\" src=\"https:\/\/www.youtube.com\/embed\/xhmdDhcwntY?feature=oembed\" frameborder=\"0\" allow=\"accelerometer; autoplay; clipboard-write; encrypted-media; gyroscope; picture-in-picture; web-share\" referrerpolicy=\"strict-origin-when-cross-origin\" allowfullscreen><\/iframe><\/p>\n<p><iframe loading=\"lazy\" title=\"S\u00c9RIE ABORTADOS 3 EPIS\u00d3DIO COM DORIANA TAMBURINI E WAGNER DORIM\" width=\"525\" height=\"295\" src=\"https:\/\/www.youtube.com\/embed\/eZrSS7EzeBo?feature=oembed\" frameborder=\"0\" allow=\"accelerometer; autoplay; clipboard-write; encrypted-media; gyroscope; picture-in-picture; web-share\" referrerpolicy=\"strict-origin-when-cross-origin\" allowfullscreen><\/iframe><\/p>\n<p><iframe loading=\"lazy\" title=\"ABORTADOS PARTE 4 COM DORIANA TAMBURINI   WAGNER DORIM\" width=\"525\" height=\"295\" src=\"https:\/\/www.youtube.com\/embed\/c-aNZCTiHgg?feature=oembed\" frameborder=\"0\" allow=\"accelerometer; autoplay; clipboard-write; encrypted-media; gyroscope; picture-in-picture; web-share\" referrerpolicy=\"strict-origin-when-cross-origin\" allowfullscreen><\/iframe><\/p>\n<p>\u00a0<\/p>\n<hr \/>\n<p><a href=\"https:\/\/www.youtube.com\/user\/Dori24Raiosx\">Nas Ondas C\u00f3smicas da R\u00e1dio Portal da Ascens\u00e3o &#8211; Canal de Doriana Tamburini no YouTube<\/a>\u00a0&#8211; clique aqui para acessar<\/p>\n<p><iframe loading=\"lazy\" title=\"TV MUNDI-PROGRAMA ENIGMAS-FRATERNIDADE BRANCA.\" width=\"525\" height=\"295\" src=\"https:\/\/www.youtube.com\/embed\/TGy_GRUiqMQ?feature=oembed\" frameborder=\"0\" allow=\"accelerometer; autoplay; clipboard-write; encrypted-media; gyroscope; picture-in-picture; web-share\" referrerpolicy=\"strict-origin-when-cross-origin\" allowfullscreen><\/iframe><\/p>\n<p>A sagrada liberdade &#8211; com Doriana Tamburini &#8211; clique no v\u00eddeo abaixo<\/p>\n<p><iframe loading=\"lazy\" title=\"A Sagrada Liberdade\" width=\"525\" height=\"295\" src=\"https:\/\/www.youtube.com\/embed\/VEO1Cp8U6xs?feature=oembed\" frameborder=\"0\" allow=\"accelerometer; autoplay; clipboard-write; encrypted-media; gyroscope; picture-in-picture; web-share\" referrerpolicy=\"strict-origin-when-cross-origin\" allowfullscreen><\/iframe><\/p>\n\n\n<p>&#8212;&#8212;&#8212;&#8212;&#8212;&#8212;&#8212;&#8212;&#8212;&#8212;&#8212;&#8212;&#8212;&#8212;&#8212;&#8212;&#8212;&#8212;&#8212;&#8212;&#8212;&#8212;&#8212;&#8212;&#8212;&#8212;&#8212;&#8212;&#8212;&#8212;&#8212;&#8212;&#8212;&#8212;-<\/p>\n","protected":false},"excerpt":{"rendered":"<p>\u00a0 NOVIDADE:Canal Mestres Ascensos. Um canal para a expans\u00e3o do amor incondicional, da Unidade e luz cr\u00edstica. https:\/\/www.youtube.com\/@mestresascensos\u00a0 \u00a0 ======================================================== Para quem desejar conhecer nosso trabalho, essa \u00e9 a Playlist com as Aulas Gratuitas de Doriana Tamburini no Canal Mestres Ascensos, incluindo as aulas 1 a 7 sobre o Staff Divino! =============================================== =============================================== Not\u00edcia MARAVILHOSA: &hellip; <\/p>\n<p class=\"link-more\"><a href=\"http:\/\/fraternidadedos12raios.com.br\/?page_id=94\" class=\"more-link\">Continue lendo<span class=\"screen-reader-text\"> &#8220;V\u00eddeos&#8221;<\/span><\/a><\/p>\n","protected":false},"author":1,"featured_media":774,"parent":0,"menu_order":0,"comment_status":"closed","ping_status":"closed","template":"","meta":[],"_links":{"self":[{"href":"http:\/\/fraternidadedos12raios.com.br\/index.php?rest_route=\/wp\/v2\/pages\/94"}],"collection":[{"href":"http:\/\/fraternidadedos12raios.com.br\/index.php?rest_route=\/wp\/v2\/pages"}],"about":[{"href":"http:\/\/fraternidadedos12raios.com.br\/index.php?rest_route=\/wp\/v2\/types\/page"}],"author":[{"embeddable":true,"href":"http:\/\/fraternidadedos12raios.com.br\/index.php?rest_route=\/wp\/v2\/users\/1"}],"replies":[{"embeddable":true,"href":"http:\/\/fraternidadedos12raios.com.br\/index.php?rest_route=%2Fwp%2Fv2%2Fcomments&post=94"}],"version-history":[{"count":75,"href":"http:\/\/fraternidadedos12raios.com.br\/index.php?rest_route=\/wp\/v2\/pages\/94\/revisions"}],"predecessor-version":[{"id":778,"href":"http:\/\/fraternidadedos12raios.com.br\/index.php?rest_route=\/wp\/v2\/pages\/94\/revisions\/778"}],"wp:featuredmedia":[{"embeddable":true,"href":"http:\/\/fraternidadedos12raios.com.br\/index.php?rest_route=\/wp\/v2\/media\/774"}],"wp:attachment":[{"href":"http:\/\/fraternidadedos12raios.com.br\/index.php?rest_route=%2Fwp%2Fv2%2Fmedia&parent=94"}],"curies":[{"name":"wp","href":"https:\/\/api.w.org\/{rel}","templated":true}]}}