{"id":681,"date":"2023-01-05T09:50:26","date_gmt":"2023-01-05T11:50:26","guid":{"rendered":"http:\/\/fraternidadedos12raios.com.br\/?page_id=681"},"modified":"2023-01-05T09:50:26","modified_gmt":"2023-01-05T11:50:26","slug":"ave-maria","status":"publish","type":"page","link":"http:\/\/fraternidadedos12raios.com.br\/?page_id=681","title":{"rendered":"Ave Maria"},"content":{"rendered":"\n<p>Ora\u00e7\u00e3o com M\u00e3e Maria<br>Nossa Atividade com M\u00e3e Maria para nosso Brasil<br>Ave Maria, com introdu\u00e7\u00e3o Espiritualista muito bela, por Etienne Rugik<\/p>\n\n\n\n<figure class=\"wp-block-embed is-type-video is-provider-vimeo wp-block-embed-vimeo\"><div class=\"wp-block-embed__wrapper\">\n<iframe loading=\"lazy\" title=\"Ora&amp;ccedil;&amp;atilde;o com M&amp;atilde;e Maria\" src=\"https:\/\/player.vimeo.com\/video\/786550029?h=aa0e50cd67&amp;dnt=1&amp;app_id=122963\" width=\"320\" height=\"396\" frameborder=\"0\" allow=\"autoplay; fullscreen; picture-in-picture\" allowfullscreen><\/iframe>\n<\/div><\/figure>\n","protected":false},"excerpt":{"rendered":"<p>Ora\u00e7\u00e3o com M\u00e3e MariaNossa Atividade com M\u00e3e Maria para nosso BrasilAve Maria, com introdu\u00e7\u00e3o Espiritualista muito bela, por Etienne Rugik<\/p>\n","protected":false},"author":1,"featured_media":0,"parent":0,"menu_order":0,"comment_status":"closed","ping_status":"closed","template":"","meta":[],"_links":{"self":[{"href":"http:\/\/fraternidadedos12raios.com.br\/index.php?rest_route=\/wp\/v2\/pages\/681"}],"collection":[{"href":"http:\/\/fraternidadedos12raios.com.br\/index.php?rest_route=\/wp\/v2\/pages"}],"about":[{"href":"http:\/\/fraternidadedos12raios.com.br\/index.php?rest_route=\/wp\/v2\/types\/page"}],"author":[{"embeddable":true,"href":"http:\/\/fraternidadedos12raios.com.br\/index.php?rest_route=\/wp\/v2\/users\/1"}],"replies":[{"embeddable":true,"href":"http:\/\/fraternidadedos12raios.com.br\/index.php?rest_route=%2Fwp%2Fv2%2Fcomments&post=681"}],"version-history":[{"count":1,"href":"http:\/\/fraternidadedos12raios.com.br\/index.php?rest_route=\/wp\/v2\/pages\/681\/revisions"}],"predecessor-version":[{"id":682,"href":"http:\/\/fraternidadedos12raios.com.br\/index.php?rest_route=\/wp\/v2\/pages\/681\/revisions\/682"}],"wp:attachment":[{"href":"http:\/\/fraternidadedos12raios.com.br\/index.php?rest_route=%2Fwp%2Fv2%2Fmedia&parent=681"}],"curies":[{"name":"wp","href":"https:\/\/api.w.org\/{rel}","templated":true}]}}