{"id":653,"date":"2022-09-06T13:21:59","date_gmt":"2022-09-06T16:21:59","guid":{"rendered":"http:\/\/fraternidadedos12raios.com.br\/?page_id=653"},"modified":"2022-09-06T13:44:20","modified_gmt":"2022-09-06T16:44:20","slug":"sugestao-de-leitura","status":"publish","type":"page","link":"http:\/\/fraternidadedos12raios.com.br\/?page_id=653","title":{"rendered":"Sugest\u00f5es de Leitura"},"content":{"rendered":"\n<figure class=\"wp-block-image size-full\"><img loading=\"lazy\" width=\"300\" height=\"432\" src=\"http:\/\/fraternidadedos12raios.com.br\/wp-content\/uploads\/2022\/09\/ManualdeCanalizacao-1.jpg\" alt=\"\" class=\"wp-image-657\" srcset=\"http:\/\/fraternidadedos12raios.com.br\/wp-content\/uploads\/2022\/09\/ManualdeCanalizacao-1.jpg 300w, http:\/\/fraternidadedos12raios.com.br\/wp-content\/uploads\/2022\/09\/ManualdeCanalizacao-1-208x300.jpg 208w\" sizes=\"(max-width: 300px) 100vw, 300px\" \/><\/figure>\n\n\n\n<p class=\"has-vivid-red-color has-text-color\"><strong>Manual de canaliza\u00e7\u00e3o dos 12 raios e do disco solar<\/strong><\/p>\n\n\n\n<p>Escrito sob a orienta\u00e7\u00e3o e instru\u00e7\u00e3o de diversos Mestres Iluminados e composto de um caderno com desenhos ricamente coloridos, esta Obra \u00e9 o Princ\u00edpio de toda uma Hist\u00f3ria Espiritual, que trouxe, e traz novamente, Informa\u00e7\u00f5es Evolucion\u00e1rias<br><a href=\"https:\/\/editoraalfabeto.com.br\/loja\/fraternidade-branca\/manual-de-canalizacao-dos-12-raios-e-do-disco-solar\/\" data-type=\"URL\" data-id=\"https:\/\/editoraalfabeto.com.br\/loja\/fraternidade-branca\/manual-de-canalizacao-dos-12-raios-e-do-disco-solar\/\" target=\"_blank\" rel=\"noreferrer noopener\">Para comprar<\/a><\/p>\n\n\n\n<p>========================================================<\/p>\n\n\n\n<figure class=\"wp-block-image size-full\"><img loading=\"lazy\" width=\"200\" height=\"301\" src=\"http:\/\/fraternidadedos12raios.com.br\/wp-content\/uploads\/2022\/09\/seresdeluz.jpg\" alt=\"\" class=\"wp-image-660\"\/><\/figure>\n\n\n\n<p class=\"has-vivid-red-color has-text-color\"><strong>Seres de luz e os 12 raios da grande fraternidade branca<\/strong><\/p>\n\n\n\n<p>Ao realizar a leitura deste livro, voc\u00ea receber\u00e1 todas as instru\u00e7\u00f5es para alcan\u00e7ar o encontro com os Seres de Luz, como exerc\u00edcios de Concentra\u00e7\u00e3o Mental, Visualiza\u00e7\u00f5es, Apelos e Decretos.<br><a rel=\"noreferrer noopener\" href=\"https:\/\/editoraalfabeto.com.br\/loja\/fraternidade-branca\/seres-de-luz-e-os-12-raios-da-grande-fraternidade-branca\/\" data-type=\"URL\" data-id=\"https:\/\/editoraalfabeto.com.br\/loja\/fraternidade-branca\/seres-de-luz-e-os-12-raios-da-grande-fraternidade-branca\/\" target=\"_blank\">Para comprar<\/a><\/p>\n\n\n\n<p>  ========================================================    <\/p>\n\n\n\n<figure class=\"wp-block-image size-full\"><img loading=\"lazy\" width=\"200\" height=\"300\" src=\"http:\/\/fraternidadedos12raios.com.br\/wp-content\/uploads\/2022\/09\/Tarot.png\" alt=\"\" class=\"wp-image-664\"\/><\/figure>\n\n\n\n<p class=\"has-vivid-red-color has-text-color\"><strong>Tarot da fraternidade branca<\/strong><\/p>\n\n\n\n<p>Denominado \u201cTarot da Fraternidade Branca e as Cartas Sagradas dos 12 Raios\u201d, fruto de um trabalho de v\u00e1rios anos, finalmente conclu\u00eddo e pronto para ser utilizado por qualquer pessoa, mesmo para aqueles que ainda n\u00e3o tiveram contato com a Fraternidade Branca. Com 36 cartas servem tamb\u00e9m aos tar\u00f3logos que procuram uma alternativa diferente das imagens e s\u00edmbolos de outros tarots, e, aos curiosos em geral que tenham a mente e o cora\u00e7\u00e3o abertos \u00e0 evolu\u00e7\u00e3o pessoal e autoconhecimento independente de cren\u00e7a, religi\u00e3o ou linha de pensamento.<br><a href=\"https:\/\/editoraalfabeto.com.br\/loja\/taro\/tarot-da-fraternidade-branca\/\" data-type=\"URL\" data-id=\"https:\/\/editoraalfabeto.com.br\/loja\/taro\/tarot-da-fraternidade-branca\/\" target=\"_blank\" rel=\"noreferrer noopener\">Para comprar<\/a><\/p>\n\n\n\n<p> ======================================================== <\/p>\n\n\n\n<p><a href=\"http:\/\/fraternidadedos12raios.com.br\/?page_id=16\">Voltar para Central de Equil\u00edbrio<\/a><\/p>\n","protected":false},"excerpt":{"rendered":"<p>Manual de canaliza\u00e7\u00e3o dos 12 raios e do disco solar Escrito sob a orienta\u00e7\u00e3o e instru\u00e7\u00e3o de diversos Mestres Iluminados e composto de um caderno com desenhos ricamente coloridos, esta Obra \u00e9 o Princ\u00edpio de toda uma Hist\u00f3ria Espiritual, que trouxe, e traz novamente, Informa\u00e7\u00f5es Evolucion\u00e1riasPara comprar ======================================================== Seres de luz e os 12 raios &hellip; <\/p>\n<p class=\"link-more\"><a href=\"http:\/\/fraternidadedos12raios.com.br\/?page_id=653\" class=\"more-link\">Continue lendo<span class=\"screen-reader-text\"> &#8220;Sugest\u00f5es de Leitura&#8221;<\/span><\/a><\/p>\n","protected":false},"author":1,"featured_media":0,"parent":0,"menu_order":0,"comment_status":"closed","ping_status":"closed","template":"","meta":[],"_links":{"self":[{"href":"http:\/\/fraternidadedos12raios.com.br\/index.php?rest_route=\/wp\/v2\/pages\/653"}],"collection":[{"href":"http:\/\/fraternidadedos12raios.com.br\/index.php?rest_route=\/wp\/v2\/pages"}],"about":[{"href":"http:\/\/fraternidadedos12raios.com.br\/index.php?rest_route=\/wp\/v2\/types\/page"}],"author":[{"embeddable":true,"href":"http:\/\/fraternidadedos12raios.com.br\/index.php?rest_route=\/wp\/v2\/users\/1"}],"replies":[{"embeddable":true,"href":"http:\/\/fraternidadedos12raios.com.br\/index.php?rest_route=%2Fwp%2Fv2%2Fcomments&post=653"}],"version-history":[{"count":11,"href":"http:\/\/fraternidadedos12raios.com.br\/index.php?rest_route=\/wp\/v2\/pages\/653\/revisions"}],"predecessor-version":[{"id":674,"href":"http:\/\/fraternidadedos12raios.com.br\/index.php?rest_route=\/wp\/v2\/pages\/653\/revisions\/674"}],"wp:attachment":[{"href":"http:\/\/fraternidadedos12raios.com.br\/index.php?rest_route=%2Fwp%2Fv2%2Fmedia&parent=653"}],"curies":[{"name":"wp","href":"https:\/\/api.w.org\/{rel}","templated":true}]}}