{"id":619,"date":"2022-09-05T09:47:18","date_gmt":"2022-09-05T12:47:18","guid":{"rendered":"http:\/\/fraternidadedos12raios.com.br\/?page_id=619"},"modified":"2022-09-05T09:48:36","modified_gmt":"2022-09-05T12:48:36","slug":"hooponopono-com-mae-kwan-yin","status":"publish","type":"page","link":"http:\/\/fraternidadedos12raios.com.br\/?page_id=619","title":{"rendered":"Ho&#8217;oponopono com M\u00e3e Kwan Yin"},"content":{"rendered":"\n<p class=\"has-small-font-size\"><em>Por Doriana Tamburini<\/em><\/p>\n\n\n\n<p>Em muitas culturas da Polin\u00e9sia, acredita-se que os erros de uma pessoa (chamado hara ou hala) causou a doen\u00e7a. Alguns acreditam que irrita os deuses, outros que atrai deuses mal\u00e9volos, e outros ainda acreditam que a culpa causada por um erro cometido doente.<\/p>\n\n\n\n<p>&#8220;Na maioria dos casos, no entanto, ritos espec\u00edficos&#8221; desatar erro &#8220;poderia ser realizada para reparar esses erros e, assim, diminuir um do ac\u00famulo deles.&#8221;<\/p>\n\n\n\n<p>Entre as ilhas de Vanuatu, no Pac\u00edfico Sul, as pessoas acreditam que a doen\u00e7a geralmente \u00e9 causada por m\u00e1 conduta sexual ou raiva. &#8220;Se voc\u00ea est\u00e1 irritado por dois ou tr\u00eas dias, a doen\u00e7a vir\u00e1,&#8221; disse um homem local.<\/p>\n\n\n\n<p>A terapia que os contadores desta doen\u00e7a \u00e9 a &#8221;confiss\u00e3o&#8221;.<\/p>\n\n\n\n<p>O paciente, ou um membro da fam\u00edlia, pode confessar. Se ningu\u00e9m confessa um erro, o paciente pode morrer. As pessoas acreditam que o sigilo Vanuatu \u00e9 o que d\u00e1 poder para a doen\u00e7a. Quando o erro \u00e9 confessado, j\u00e1 n\u00e3o tem poder sobre a pessoa<\/p>\n\n\n\n<p>Como muitos outros ilh\u00e9us, incluindo os havaianos, pessoas de Tikopia nas Ilhas Salom\u00e3o, e em Rarotonga, nas Ilhas Cook, acreditam que os pecados do pai vai cair sobre as crian\u00e7as. Se uma crian\u00e7a est\u00e1 doente, os pais s\u00e3o suspeitos de brigas ou m\u00e1 conduta.<\/p>\n\n\n\n<p>Al\u00e9m de doen\u00e7a, desordem social poderia causar esterilidade da terra e outros desastres. Harmony poderia ser restaurado apenas por confiss\u00e3o e pedido de desculpas.<\/p>\n\n\n\n<p>Em Pukapuka era costume de manter uma esp\u00e9cie de confession\u00e1rio pacientes mais para determinar um curso adequado de a\u00e7\u00e3o, a fim de cur\u00e1-las.<\/p>\n\n\n\n<p>Tradi\u00e7\u00f5es semelhantes s\u00e3o encontradas em Samoa, Tahiti e entre os Maoris da Nova Zel\u00e2ndia.<\/p>\n\n\n\n<p>Pr\u00e1tica tradicional<br>No Vale de Kalalau Koke&#8217;e State Park Nana Veary realiza retiros para ensinar Hooponopono<\/p>\n\n\n\n<p>Uma lei feita a partir do fruto da \u00e1rvore hala ou pandanus.<\/p>\n\n\n\n<p>A lei hala foi dada ap\u00f3s a conclus\u00e3o do Hooponopono na tradi\u00e7\u00e3o de kahuna Makaweliweli de Molokai<\/p>\n\n\n\n<p>&#8220;Hooponopono&#8221; \u00e9 definida no Dicion\u00e1rio havaiano como &#8220;limpeza mental&#8221;. Confer\u00eancias fam\u00edlia em que os relacionamentos foram estabelecidos para a direita atrav\u00e9s da ora\u00e7\u00e3o, discuss\u00e3o, confiss\u00e3o, arrependimento e perd\u00e3o m\u00fatuo e restitui\u00e7\u00e3o&#8221; Literalmente, hoo \u00e9 uma part\u00edcula usada para fazer um verbo atualizando do substantivo seguinte, como seria &#8220;a&#8221; antes de um substantivo em Ingl\u00eas.<\/p>\n\n\n\n<p>Aqui, ele cria um verbo do pono substantivo, que \u00e9 definido como<br>\u201cBondade, retid\u00e3o, moralidade, qualidades morais, o procedimento correto ou adequado, a excel\u00eancia, bem-estar, prosperidade, o benef\u00edcio condi\u00e7\u00e3o, verdadeiro ou natureza, dever, moral, cabendo, adequado, justo, correto, reto, virtuoso, ben\u00e9fico, bem sucedido, em perfeita ordem, preciso, correto, al\u00edvio, dever, deve, deve, necess\u00e1rio\u201d.<\/p>\n\n\n\n<p>Ponopono \u00e9 definido como &#8220;colocar a direitos, para colocar em ordem ou forma, corrigir, revisar, ajustar, alterar, regular, organizar, corrigir, arrumar, fazer ordenado ou puro.&#8221;<\/p>\n\n\n\n<p>Preeminente estudioso Hawaiian Mary Kawena Pukui escreveu que era uma pr\u00e1tica antiga no Hava\u00ed e este \u00e9 suportado por hist\u00f3rias orais de contempor\u00e2neos anci\u00e3os havaianos ( Pukui registrado pela primeira vez suas experi\u00eancias e observa\u00e7\u00f5es de sua inf\u00e2ncia, nascido em 1895) em seu 1958 livro.<\/p>\n\n\n\n<p>Autor Max Freedom Long, que viveu no Hava\u00ed de 1917 a cerca de 1930, documentado Hooponopono tradicionais como o usado por fam\u00edlias havaianas em seu livro 1936<\/p>\n\n\n\n<p>Embora a palavra &#8220;Hooponopono&#8221; n\u00e3o foi utilizada, no in\u00edcio historiadores Hawaiian documentou uma cren\u00e7a de que a doen\u00e7a era causada pela quebra kapu, ou leis espirituais, e que a doen\u00e7a n\u00e3o pode ser curada at\u00e9 que o sofredor expiou essa transgress\u00e3o, muitas vezes com a assist\u00eancia de um orando sacerdote (kahuna pule) ou padre cura (kahuna lapaau). O perd\u00e3o foi procurado dos deuses ou da pessoa com quem havia uma disputa.<\/p>\n\n\n\n<p>Pukui descreveu-a como uma pr\u00e1tica de membros da fam\u00edlia alargada reuni\u00e3o para &#8220;acertar&#8221; as rela\u00e7\u00f5es familiares quebradas. Algumas fam\u00edlias se reuniam diariamente ou semanalmente, para evitar problemas de erup\u00e7\u00e3o.<\/p>\n\n\n\n<p>MUITO, EU TE AMO, EU TE PERD\u00d4O, EU TE AGRADE\u00c7O, EU TE HONRO, EU TE ACEITO, EU TE LIBERTO, EU TE RESPEITO E TE APOIO, MAS SIGA SEU CAMINHO\u2026 SOMOS UNOS E DAQUI A POUCO SEREMOS TOTALMENTE UM!<\/p>\n\n\n\n<p>SINTO MUITO, EU ME AMO, EU ME PERDOO, EU ME AGRADE\u00c7O, EU ME HONRO, EU ME ACEITO, EU ME LIBERTO, EU ME RESPEITO E EU ME APOIO, EU SIGO O MEU CAMINHO\u2026 SOMOS UNOS E J\u00c1 ESTOU VOLTANDO A SENTIR QUE SOMOS UM, CADA UM EM DIRE\u00c7\u00c3O \u00c0 TEU DESTINO!<\/p>\n\n\n\n<p>EM OUTROS CASOS: PAIS, FILHOS, PARENTES OU INIMIGOS: PESSOA\u2026 VC \u00c9 ESPECIAL, ASSIM COMO EU SOU E N\u00d3S SOMOS O AMOR ENCARNADO!<\/p>\n\n\n\n<p>PORTANTO, S\u00d3 \u00c9 POSS\u00cdVEL AMAR AQUI,<\/p>\n\n\n\n<p>S\u00d3 \u00c9 POSS\u00cdVEL PERDOAR AQUI,<\/p>\n\n\n\n<p>S\u00d3 \u00c9 POSS\u00cdVEL AGRADECER AQUI,<\/p>\n\n\n\n<p>S\u00d3 \u00c9 POSS\u00cdVEL HONRAR AQUI,<\/p>\n\n\n\n<p>S\u00d3 \u00c9 POSS\u00cdVEL ACEITAR AQUI,<\/p>\n\n\n\n<p>S\u00d3 \u00c9 POSS\u00cdVEL LIBERTAR AQUI,<\/p>\n\n\n\n<p>S\u00d3 \u00c9 POSS\u00cdVEL APOIAR AQUI,<\/p>\n\n\n\n<p>PORTANTO, S\u00d3 \u00c9 POSS\u00cdVEL SEGUIR NOSSO DESTINO COM AMOR AQUI!<\/p>\n\n\n\n<p>(Postado por Doriana Tamburini \u2013 OUSE)<\/p>\n\n\n\n<p>REALMENTE, ESTA \u00c9 A ERA DE POSITIVAR TODAS AS QUEST\u00d5ES RELACIONADAS A PESSOAS &#8211; MARIDO, FILHOS, IRM\u00c3OS, AMIGOS, INIMIGOS, PARENTES, COLEGAS E TODOS OS VIVENTES DO PLANETA TERRA! SALVE-NOS A ENERGIA PURA, LIMPA E PERFEITA, A IMUNIZA\u00c7\u00c3O RACIONAL QUE FAR\u00c1 A HIGIENIZA\u00c7\u00c3O DE TODOS! (Post por Mel Racional).<\/p>\n\n\n\n<p>Coment\u00e1rio de Mel Racional: &#8211; Brilhante Texto! Eu agrade\u00e7o ao Universo pela oportunidade de cura total de Esp\u00edrito e de Alma em mim e em todos os Seres do Planeta e o pr\u00f3prio Planeta!<\/p>\n\n\n\n<p><a href=\"http:\/\/fraternidadedos12raios.com.br\/?page_id=16\">Voltar para Dicas<\/a><\/p>\n","protected":false},"excerpt":{"rendered":"<p>Por Doriana Tamburini Em muitas culturas da Polin\u00e9sia, acredita-se que os erros de uma pessoa (chamado hara ou hala) causou a doen\u00e7a. Alguns acreditam que irrita os deuses, outros que atrai deuses mal\u00e9volos, e outros ainda acreditam que a culpa causada por um erro cometido doente. &#8220;Na maioria dos casos, no entanto, ritos espec\u00edficos&#8221; desatar &hellip; <\/p>\n<p class=\"link-more\"><a href=\"http:\/\/fraternidadedos12raios.com.br\/?page_id=619\" class=\"more-link\">Continue lendo<span class=\"screen-reader-text\"> &#8220;Ho&#8217;oponopono com M\u00e3e Kwan Yin&#8221;<\/span><\/a><\/p>\n","protected":false},"author":1,"featured_media":0,"parent":0,"menu_order":0,"comment_status":"closed","ping_status":"closed","template":"","meta":[],"_links":{"self":[{"href":"http:\/\/fraternidadedos12raios.com.br\/index.php?rest_route=\/wp\/v2\/pages\/619"}],"collection":[{"href":"http:\/\/fraternidadedos12raios.com.br\/index.php?rest_route=\/wp\/v2\/pages"}],"about":[{"href":"http:\/\/fraternidadedos12raios.com.br\/index.php?rest_route=\/wp\/v2\/types\/page"}],"author":[{"embeddable":true,"href":"http:\/\/fraternidadedos12raios.com.br\/index.php?rest_route=\/wp\/v2\/users\/1"}],"replies":[{"embeddable":true,"href":"http:\/\/fraternidadedos12raios.com.br\/index.php?rest_route=%2Fwp%2Fv2%2Fcomments&post=619"}],"version-history":[{"count":2,"href":"http:\/\/fraternidadedos12raios.com.br\/index.php?rest_route=\/wp\/v2\/pages\/619\/revisions"}],"predecessor-version":[{"id":621,"href":"http:\/\/fraternidadedos12raios.com.br\/index.php?rest_route=\/wp\/v2\/pages\/619\/revisions\/621"}],"wp:attachment":[{"href":"http:\/\/fraternidadedos12raios.com.br\/index.php?rest_route=%2Fwp%2Fv2%2Fmedia&parent=619"}],"curies":[{"name":"wp","href":"https:\/\/api.w.org\/{rel}","templated":true}]}}