{"id":573,"date":"2022-01-26T12:09:32","date_gmt":"2022-01-26T14:09:32","guid":{"rendered":"http:\/\/fraternidadedos12raios.com.br\/?page_id=573"},"modified":"2022-01-26T12:09:32","modified_gmt":"2022-01-26T14:09:32","slug":"sistema-imunologico-adultos-e-criancas-covid19","status":"publish","type":"page","link":"http:\/\/fraternidadedos12raios.com.br\/?page_id=573","title":{"rendered":"Sistema Imunol\u00f3gico &#8211; Adultos e Crian\u00e7as (Covid19)"},"content":{"rendered":"\n<p>Em que momento foi explicado \u00e0 popula\u00e7\u00e3o, que cada um tem a capacidade de refor\u00e7ar naturalmente o seu sistema imunol\u00f3gico em poucos dias (crian\u00e7as), ou em poucas semanas (adultos)?<\/p>\n\n\n\n<p>&#x1f468;&#x1f3fb;&#x1f52c; Por que n\u00e3o se envolver nos canais informativos com plataformas e profissionais de sa\u00fade que falem de preven\u00e7\u00e3o, como nutricionistas, naturopatas, fitoterapeutas, que poderiam realizar um imenso trabalho de informa\u00e7\u00e3o e preven\u00e7\u00e3o ao p\u00fablico e ao mesmo tempo aliviar o trabalho dos m\u00e9dicos e sanit\u00e1rios que est\u00e3o na frente?<\/p>\n\n\n\n<p>&#x1f354; Por que n\u00e3o dizer \u00e0s pessoas que comer &#8220;lixo&#8221;, como produtos industriais, trabalhados e refinados, \u00e9 a primeira coisa que destr\u00f3i nossas defesas?<\/p>\n\n\n\n<p>&#x1f34e; Que a efic\u00e1cia do nosso sistema imunol\u00f3gico depende estreitamente da qualidade da nossa flora intestinal e, consequentemente, da qualidade do que comemos.<\/p>\n\n\n\n<p>&#x1f34f; Portanto, frutas e legumes cru, locais e de temporada s\u00e3o a melhor maneira de acumular rapidamente nossas reservas minerais necess\u00e1rias para a imunidade\u2026<\/p>\n\n\n\n<p>&#x1f449; Por que n\u00e3o explicar que por exemplo um jejum intermitente controlado fortalece o sistema imunol\u00f3gico em apenas 3 dias?<\/p>\n\n\n\n<p>&#x1f31e; Que uma respira\u00e7\u00e3o correta tem a capacidade de reduzir n\u00edveis altos em produ\u00e7\u00e3o de cortisol, horm\u00f4nio regulador dos seus n\u00edveis de estresse.<\/p>\n\n\n\n<p>&#x1f6bf; Por que n\u00e3o falar sobre os benef\u00edcios de uma chuveirada fria ou um banho no mar, que em poucos dias aumenta o n\u00edvel de alguns linf\u00f3citos T?<\/p>\n\n\n\n<p>&#x1f33f; Por que n\u00e3o explicar que plantas como a equin\u00e1cia, o astr\u00e1galo, o sabugueiro, a rosa canina e a artemisa em suas formas concentradas e corretas, aumentam as defesas imunes em poucas semanas?<\/p>\n\n\n\n<p>&#x1f4a7; Por que n\u00e3o falar sobre a efic\u00e1cia dos \u00f3leos essenciais antivirais?<\/p>\n\n\n\n<p>\u00a9&#xfe0f; Al\u00e9m da vitamina C em doses altas, a import\u00e2ncia da vitamina D e minerais como o zinco, sel\u00eanio, magn\u00e9sio? Tudo isso \u00e9 f\u00e1cil e barato de obter. \u00c0s vezes, como no caso da luz solar, GRATUITA!<\/p>\n\n\n\n<p>&#x1f3c3; Por que n\u00e3o falar sobre como uma saud\u00e1vel atividade desportiva ativa os horm\u00f4nios da alegria e do bem-estar?<\/p>\n\n\n\n<p>&#x1f914; Por que n\u00e3o falar sobre a import\u00e2ncia da qualidade dos nossos pensamentos e da conex\u00e3o entre mente e corpo?<\/p>\n\n\n\n<p>&#x1f970; Por que n\u00e3o falar sobre a fortaleza do amor e da companhia, que curam muito mais do que isolamento e desconfian\u00e7a?<\/p>\n\n\n\n<p>&#x1f332; Por que n\u00e3o falar do bem-estar imediato que nos d\u00e1 caminhar ou estar na natureza?<\/p>\n\n\n\n<p>&#x1f44e;&#x1f3fb; Por que n\u00e3o explicar que o medo \u00e9 imunossupressor, e que al\u00e9m de tudo gera doen\u00e7as, fraqueza, ansiedade e sofrimento.<\/p>\n\n\n\n<p>POR QUE N\u00c3O COME\u00c7AR A INFORMAR???<\/p>\n\n\n\n<p>S\u00f3 nos ensinaram a usar \u00e1lcool gel, colocar uma m\u00e1scara, ficar trancado em casa e ter medo.<\/p>\n\n\n\n<p>Alimente-se bem e alcalinize-se! &#x2728;&#x1f64f;&#x1f3fb;&#x2728;<\/p>\n","protected":false},"excerpt":{"rendered":"<p>Em que momento foi explicado \u00e0 popula\u00e7\u00e3o, que cada um tem a capacidade de refor\u00e7ar naturalmente o seu sistema imunol\u00f3gico em poucos dias (crian\u00e7as), ou em poucas semanas (adultos)? &#x1f468;&#x1f3fb;&#x1f52c; Por que n\u00e3o se envolver nos canais informativos com plataformas e profissionais de sa\u00fade que falem de preven\u00e7\u00e3o, como nutricionistas, naturopatas, fitoterapeutas, que poderiam realizar &hellip; <\/p>\n<p class=\"link-more\"><a href=\"http:\/\/fraternidadedos12raios.com.br\/?page_id=573\" class=\"more-link\">Continue lendo<span class=\"screen-reader-text\"> &#8220;Sistema Imunol\u00f3gico &#8211; Adultos e Crian\u00e7as (Covid19)&#8221;<\/span><\/a><\/p>\n","protected":false},"author":1,"featured_media":0,"parent":0,"menu_order":0,"comment_status":"closed","ping_status":"closed","template":"","meta":[],"_links":{"self":[{"href":"http:\/\/fraternidadedos12raios.com.br\/index.php?rest_route=\/wp\/v2\/pages\/573"}],"collection":[{"href":"http:\/\/fraternidadedos12raios.com.br\/index.php?rest_route=\/wp\/v2\/pages"}],"about":[{"href":"http:\/\/fraternidadedos12raios.com.br\/index.php?rest_route=\/wp\/v2\/types\/page"}],"author":[{"embeddable":true,"href":"http:\/\/fraternidadedos12raios.com.br\/index.php?rest_route=\/wp\/v2\/users\/1"}],"replies":[{"embeddable":true,"href":"http:\/\/fraternidadedos12raios.com.br\/index.php?rest_route=%2Fwp%2Fv2%2Fcomments&post=573"}],"version-history":[{"count":1,"href":"http:\/\/fraternidadedos12raios.com.br\/index.php?rest_route=\/wp\/v2\/pages\/573\/revisions"}],"predecessor-version":[{"id":574,"href":"http:\/\/fraternidadedos12raios.com.br\/index.php?rest_route=\/wp\/v2\/pages\/573\/revisions\/574"}],"wp:attachment":[{"href":"http:\/\/fraternidadedos12raios.com.br\/index.php?rest_route=%2Fwp%2Fv2%2Fmedia&parent=573"}],"curies":[{"name":"wp","href":"https:\/\/api.w.org\/{rel}","templated":true}]}}