{"id":401,"date":"2021-03-30T12:55:12","date_gmt":"2021-03-30T15:55:12","guid":{"rendered":"http:\/\/fraternidadedos12raios.com.br\/?page_id=401"},"modified":"2021-03-30T13:04:55","modified_gmt":"2021-03-30T16:04:55","slug":"2021-o-inicio-das-revelacoes","status":"publish","type":"page","link":"http:\/\/fraternidadedos12raios.com.br\/?page_id=401","title":{"rendered":"2021 o in\u00edcio das revela\u00e7\u00f5es"},"content":{"rendered":"\n<p>A partir de 20\/03\/2021 estamos assistindo \u00e0 Revela\u00e7\u00e3o do Plano Divino.<\/p>\n\n\n\n<p>Meus guias me convidam a divulgar essa mensagem:<\/p>\n\n\n\n<p>\u00c9 importante entender que o ano de 2020 concluiu definitivamente a sua \u2032\u2032 tarefa \u2032\u2032 exatamente 19\/03\/2021.<\/p>\n\n\n\n<p>Isso significa que do ponto de vista sutil-energ\u00e9tico o verdadeiro ano de 2021 come\u00e7ou h\u00e1 poucos dias.<\/p>\n\n\n\n<p>E o que muda isso?<\/p>\n\n\n\n<p>Tudo.<\/p>\n\n\n\n<p>Tudo muda.<\/p>\n\n\n\n<p>Voc\u00ea precisa saber que todos os anos tem um carimbo energ\u00e9tico, uma propriedade, uma tarefa, uma miss\u00e3o.<\/p>\n\n\n\n<p>O ano de 2021 traz consigo esta frequ\u00eancia espec\u00edfica:<\/p>\n\n\n\n<p>Ou seja, a REVELA\u00c7\u00c3O.<\/p>\n\n\n\n<p>De qu\u00ea?<\/p>\n\n\n\n<p>Do que a Alma escolheu antes de se encarnar neste espa\u00e7o tempo.<\/p>\n\n\n\n<p>\u00c9 por isso que nos dias de hoje<\/p>\n\n\n\n<p>A ALMA de cada um de n\u00f3s nos CHAMA, com voz imponente e inequ\u00edvoca.<\/p>\n\n\n\n<p>N\u00e3o \u00e9 mais poss\u00edvel ignorar isso.<\/p>\n\n\n\n<p>Para quem a ignorou at\u00e9 agora vai encontrar dificuldades para continuar a faz\u00ea-lo.<\/p>\n\n\n\n<p>Simplesmente porque as frequ\u00eancias deste planeta a partir destes dias s\u00e3o alt\u00edssimas.<\/p>\n\n\n\n<p>E eles v\u00e3o se levantar gradualmente durante este ano de 2021.<\/p>\n\n\n\n<p>Mais e mais.<\/p>\n\n\n\n<p>Cada vez mais alto<\/p>\n\n\n\n<p>Cada vez mais luz<\/p>\n\n\n\n<p>Cada vez mais revela\u00e7\u00e3o.<\/p>\n\n\n\n<p>O corpo f\u00edsico est\u00e1 integrando essa mudan\u00e7a de paradigma: essa realidade diferente.<\/p>\n\n\n\n<p>O corpo humano nunca conheceu tanta luz.<\/p>\n\n\n\n<p>\u00c9 por isso que ele est\u00e1 se adaptando: para algumas pessoas lentamente, para outras rapidamente. Essa din\u00e2mica \u00e9 totalmente subjetiva.<\/p>\n\n\n\n<p>Diversos mal-estar f\u00edsicos s\u00e3o absolutamente causados por isso.<\/p>\n\n\n\n<p>Eles s\u00e3o, ent\u00e3o, passageiros.<\/p>\n\n\n\n<p>Al\u00e9m do corpo, que \u00e9 posto \u00e0 prova, o campo emocional tamb\u00e9m est\u00e1 sob estresse.<\/p>\n\n\n\n<p>Se voc\u00ea se sente tonto, ou com emo\u00e7\u00f5es opostas, mudan\u00e7as de humor r\u00e1pidas, rea\u00e7\u00f5es emocionais exageradas, saiba que tudo isso simplesmente faz parte do seu caminho para a revela\u00e7\u00e3o de si mesmo.<\/p>\n\n\n\n<p>Ou seja, mais simplesmente:<\/p>\n\n\n\n<p>As part\u00edculas de luz que do centro do universo (do sol central) chegam at\u00e9 n\u00f3s em toda a sua intensidade, agora, t\u00eam informa\u00e7\u00f5es de despertar em quantidades maiores.<\/p>\n\n\n\n<p>Quantidade e qualidade nunca chegaram at\u00e9 aqui.<\/p>\n\n\n\n<p>\u00c9 por isso que \u2032\u2032 eles n\u00e3o admitem mais desculpas &#8220;. \u00c9 hora de se diminuir.<\/p>\n\n\n\n<p>A Alma agora tem que fazer o que ela escolheu fazer.<\/p>\n\n\n\n<p>Chegou a hora.<\/p>\n\n\n\n<p>Tudo isso significa que cada um de n\u00f3s ser\u00e1 chamado a fazer o que deve.<\/p>\n\n\n\n<p>E isso vai encher as conjecturas mentais e a racionalidade.<\/p>\n\n\n\n<p>Porque o que escolhemos fazer antes de nos encarnar ainda n\u00e3o est\u00e1 totalmente claro.<\/p>\n\n\n\n<p>Eis que n\u00e3o sabendo o que nos encontraremos&#8230; Tememos ainda mais o desconhecido, tememos sobretudo a mudan\u00e7a, tememos renunciar ao controle do nosso destino.<\/p>\n\n\n\n<p>N\u00e3o entendendo que, em vez disso, nos rendendo a Ele nos reconectamos \u00e0 nossa MISS\u00c3O.<\/p>\n\n\n\n<p>E n\u00f3s tornamo-la concreta.<\/p>\n\n\n\n<p>Realeza.<\/p>\n\n\n\n<p>A parte humana teme a si mesma, teme n\u00e3o estar \u00e0 altura.<\/p>\n\n\n\n<p>Esta falta de confian\u00e7a \u00e9 certamente causada pelas feridas c\u00e1rmicas ainda n\u00e3o curadas completamente.<\/p>\n\n\n\n<p>Saiba que elas tamb\u00e9m v\u00e3o se curar, um pouco de cada vez. Seja indulgente consigo mesmo e com seus tempos.<\/p>\n\n\n\n<p>Tenha ainda mais paci\u00eancia e amor por voc\u00ea.<\/p>\n\n\n\n<p>Mas tamb\u00e9m saiba, que agora, a sua parte humana: a mais fr\u00e1gil, a mais racional, a mais desconfiada&#8230; precisa necessariamente integrar a \u2032\u2032 consci\u00eancia planet\u00e1ria \u2032\u2032, ou seja, tornar-se instrumento terra do c\u00e9u.<\/p>\n\n\n\n<p>Isso significa que voc\u00ea ser\u00e1 testado de muitas maneiras, voc\u00ea ter\u00e1 que fazer escolhas, \u2032\u2032 crises \u2032\u2032 vir\u00e3o desestabilizar voc\u00ea, para te levar cada vez mais perto de si mesmo.<\/p>\n\n\n\n<p>Tudo o que voc\u00ea conhece sobre o velho mundo est\u00e1 abandonando para sempre a sua realidade, porque voc\u00ea j\u00e1 n\u00e3o \u00e9 s\u00f3 \u2032\u2032 terra &#8220;.<\/p>\n\n\n\n<p>\u2032\u2032 Voc\u00ea \u00e9 c\u00e9u, voc\u00ea \u00e9 \u00e9ter, voc\u00ea \u00e9 fogo gal\u00e1ctico que se molda em um corpo de mat\u00e9ria.&#8221;<\/p>\n\n\n\n<p>\u00c9 por isso que n\u00e3o importa quem voc\u00ea acredita ser neste momento, n\u00e3o importa no que voc\u00ea acredita, n\u00e3o importa o que voc\u00ea acha certo ou errado, n\u00e3o importa quais s\u00e3o suas expectativas, ou seus desejos, seus objetivos.<\/p>\n\n\n\n<p>Porque tudo ser\u00e1 remexido dentro de voc\u00ea, e ent\u00e3o demolido definitivamente.<\/p>\n\n\n\n<p>S\u00d3 RESTAR\u00c1 O CORA\u00c7\u00c3O.<\/p>\n\n\n\n<p>Deixe-se dirigir \u2032\u2032 de cima &#8220;&#8230; que est\u00e1 exatamente no centro do seu peito.<\/p>\n\n\n\n<p>Voc\u00ea vai conhecer uma vers\u00e3o de voc\u00ea que nunca acreditaria ser poss\u00edvel.<\/p>\n\n\n\n<p>Voc\u00ea vai criar uma realidade completamente diferente de tudo o que voc\u00ea fez antes&#8230;<\/p>\n\n\n\n<p>E voc\u00ea vai fazer isso, com suas habilidades, com seus talentos despertados, com seu cora\u00e7\u00e3o plenamente consciente de amor.<\/p>\n\n\n\n<p>Por isso n\u00e3o tema as mudan\u00e7as, n\u00e3o tema as dificuldades, pois elas fazem parte do que voc\u00ea escolheu voltar a ser.<\/p>\n\n\n\n<p>Neste momento voc\u00ea n\u00e3o se lembra do seu Plano divino, mas voc\u00ea vai lembrar dele em breve.<\/p>\n\n\n\n<p>Porque EST\u00c1 VINDO DE VOC\u00ca.<\/p>\n\n\n\n<p>E nada mais ser\u00e1 como antes.<\/p>\n\n\n\n<p>O caminho est\u00e1 aberto, tudo pronto.<\/p>\n\n\n\n<p>As ajudas est\u00e3o posicionadas perto de voc\u00ea. Seus companheiros de viagem, seus aliados, esperam por voc\u00ea para criar o Novo Mundo, junto com voc\u00ea.<\/p>\n\n\n\n<p>Tudo est\u00e1 alinhado com a sua realidade.<\/p>\n\n\n\n<p>Exceto a sua vontade de estar presente.<\/p>\n\n\n\n<p>Isso depende da sua vontade de colocar-se em jogo e deixar-se guiar pelo curso evolutivo natural&#8230; que te quer surpreender&#8230; porque te ama imensamente.<\/p>\n\n\n\n<p>Descortine tudo o que voc\u00ea acredita certo, quebre suas seguran\u00e7as, desestrutura cada menor \u2032\u2032moradia fixa\u2032\u2032 dentro de voc\u00ea.<\/p>\n\n\n\n<p>Deixe-se abra\u00e7ar pelo mist\u00e9rio da cria\u00e7\u00e3o, porque no \u2032\u2032 seu vazio \u2032\u2032 voc\u00ea encontrar\u00e1 VOC\u00ca MESMO.<\/p>\n\n\n\n<p>Baixe suavemente as defesas da mente, abandone os medos da racionalidade, seja d\u00f3cil e confiante.<\/p>\n\n\n\n<p>De volta ao nascimento do que voc\u00ea \u00e9.<\/p>\n\n\n\n<p>Permita-se revelar a si mesmo.<\/p>\n\n\n\n<p>O universo te guia, passo a passo, atrav\u00e9s de insights, coincid\u00eancias, sinais, premoni\u00e7\u00f5es&#8230; cada vez mais frequentes, claros e lindos.<\/p>\n\n\n\n<p>As surpresas est\u00e3o prontas para voc\u00ea.<\/p>\n\n\n\n<p>Deixe-se esculpir!<\/p>\n\n\n\n<p>\u2032\u2032 Deixe-se acordar &#8220;,<\/p>\n\n\n\n<p>Aqui est\u00e1 o conselho deste 2021, que agora come\u00e7a suavemente a ser ouvido.<\/p>\n\n\n\n<p>Ent\u00e3o, voc\u00ea&#8230;<\/p>\n\n\n\n<p>Tente ouvi-lo<\/p>\n\n\n\n<p>E DEIXE PARA O CORA\u00c7\u00c3O<\/p>\n\n\n\n<p class=\"has-text-align-right\"><em>Marika Moretto<\/em><\/p>\n","protected":false},"excerpt":{"rendered":"<p>A partir de 20\/03\/2021 estamos assistindo \u00e0 Revela\u00e7\u00e3o do Plano Divino. Meus guias me convidam a divulgar essa mensagem: \u00c9 importante entender que o ano de 2020 concluiu definitivamente a sua \u2032\u2032 tarefa \u2032\u2032 exatamente 19\/03\/2021. Isso significa que do ponto de vista sutil-energ\u00e9tico o verdadeiro ano de 2021 come\u00e7ou h\u00e1 poucos dias. E o &hellip; <\/p>\n<p class=\"link-more\"><a href=\"http:\/\/fraternidadedos12raios.com.br\/?page_id=401\" class=\"more-link\">Continue lendo<span class=\"screen-reader-text\"> &#8220;2021 o in\u00edcio das revela\u00e7\u00f5es&#8221;<\/span><\/a><\/p>\n","protected":false},"author":1,"featured_media":404,"parent":0,"menu_order":0,"comment_status":"closed","ping_status":"closed","template":"","meta":[],"_links":{"self":[{"href":"http:\/\/fraternidadedos12raios.com.br\/index.php?rest_route=\/wp\/v2\/pages\/401"}],"collection":[{"href":"http:\/\/fraternidadedos12raios.com.br\/index.php?rest_route=\/wp\/v2\/pages"}],"about":[{"href":"http:\/\/fraternidadedos12raios.com.br\/index.php?rest_route=\/wp\/v2\/types\/page"}],"author":[{"embeddable":true,"href":"http:\/\/fraternidadedos12raios.com.br\/index.php?rest_route=\/wp\/v2\/users\/1"}],"replies":[{"embeddable":true,"href":"http:\/\/fraternidadedos12raios.com.br\/index.php?rest_route=%2Fwp%2Fv2%2Fcomments&post=401"}],"version-history":[{"count":1,"href":"http:\/\/fraternidadedos12raios.com.br\/index.php?rest_route=\/wp\/v2\/pages\/401\/revisions"}],"predecessor-version":[{"id":402,"href":"http:\/\/fraternidadedos12raios.com.br\/index.php?rest_route=\/wp\/v2\/pages\/401\/revisions\/402"}],"wp:featuredmedia":[{"embeddable":true,"href":"http:\/\/fraternidadedos12raios.com.br\/index.php?rest_route=\/wp\/v2\/media\/404"}],"wp:attachment":[{"href":"http:\/\/fraternidadedos12raios.com.br\/index.php?rest_route=%2Fwp%2Fv2%2Fmedia&parent=401"}],"curies":[{"name":"wp","href":"https:\/\/api.w.org\/{rel}","templated":true}]}}