{"id":367,"date":"2021-03-23T12:54:00","date_gmt":"2021-03-23T15:54:00","guid":{"rendered":"http:\/\/fraternidadedos12raios.com.br\/?page_id=367"},"modified":"2021-03-23T15:50:50","modified_gmt":"2021-03-23T18:50:50","slug":"por-que-nao-explicam-nosso-sistema-imune","status":"publish","type":"page","link":"http:\/\/fraternidadedos12raios.com.br\/?page_id=367","title":{"rendered":"Por que n\u00e3o explicam nosso sistema imune?"},"content":{"rendered":"\n<p>Em que HORAS foi explicado \u00e0 popula\u00e7\u00e3o que todos t\u00eam a capacidade de fortalecer naturalmente seu sistema imunol\u00f3gico em alguns dias (os mais jovens) ou em algumas semanas?&nbsp; Isso certamente evitaria a propaga\u00e7\u00e3o do v\u00edrus e fortaleceria nossas defesas contra ele e, portanto, reduziria a propor\u00e7\u00e3o de casos graves, e muitos poderiam se curar muito mais r\u00e1pido em casa.<\/p>\n\n\n\n<p>Por que n\u00e3o envolver nos canais de informa\u00e7\u00e3o das plataformas, que dedicam 95% do seu tempo ao tema durante v\u00e1rias semanas, aos profissionais de sa\u00fade que falam de preven\u00e7\u00e3o, como nutricionistas, naturopatas, fitoterapeutas, que poder\u00e3o realizar um&nbsp; imenso trabalho de informa\u00e7\u00e3o e preven\u00e7\u00e3o ao p\u00fablico e assim desonerar os m\u00e9dicos que est\u00e3o na frente?<\/p>\n\n\n\n<p>Por que n\u00e3o dizer \u00e0s pessoas que comer lixo, como produtos industriais, processados \u200b\u200be refinados, \u00e9 a primeira coisa que destr\u00f3i nossas defesas imunol\u00f3gicas?<\/p>\n\n\n\n<p>Que a efic\u00e1cia de nosso sistema imunol\u00f3gico depende intimamente da qualidade de nossa flora intestinal e, portanto, da qualidade do que comemos.<\/p>\n\n\n\n<p>Portanto, frutas e vegetais crus, locais e sazonais vivos s\u00e3o a melhor maneira de acumular rapidamente nossas reservas minerais necess\u00e1rias para a imunidade.<\/p>\n\n\n\n<p>Por que n\u00e3o explicar que o jejum fortalece o sistema imunol\u00f3gico em apenas 3 dias?<\/p>\n\n\n\n<p>Por que n\u00e3o falar sobre os benef\u00edcios de um banho frio que aumenta o n\u00edvel de certos linf\u00f3citos T em poucos dias?<\/p>\n\n\n\n<p>Por que n\u00e3o explicar que plantas como equin\u00e1cia, astr\u00e1galo, sabugueiro, roseira brava, em suas formas concentradas, aumentam as defesas imunol\u00f3gicas em poucas semanas?<\/p>\n\n\n\n<p>Por que n\u00e3o falar sobre a efic\u00e1cia dos \u00f3leos essenciais antivirais? Al\u00e9m de vit C em altas doses e minerais como zinco, sel\u00eanio, magn\u00e9sio?<\/p>\n\n\n\n<p>Por que n\u00e3o falar sobre a import\u00e2ncia dos estudos recentes que comprovam a efic\u00e1cia do Yoga e do Reiki para fortalecer o sistema imunol\u00f3gico?<\/p>\n\n\n\n<p>Por que n\u00e3o explicar que o medo \u00e9 imunossupressor?&nbsp;<\/p>\n\n\n\n<p>No entanto, \u00e9 a \u00fanica emo\u00e7\u00e3o transmitida no momento.<\/p>\n\n\n\n<p>&nbsp;Abra\u00e7os da Alma<\/p>\n\n\n\n<p>Lembrando sempre da Vit D3<\/p>\n\n\n\n<p><\/p>\n\n\n\n<p><em><a href=\"http:\/\/fraternidadedos12raios.com.br\/?page_id=362\">Voltar para Cuidados CoronaV\u00edrus<\/a><\/em><\/p>\n","protected":false},"excerpt":{"rendered":"<p>Em que HORAS foi explicado \u00e0 popula\u00e7\u00e3o que todos t\u00eam a capacidade de fortalecer naturalmente seu sistema imunol\u00f3gico em alguns dias (os mais jovens) ou em algumas semanas?&nbsp; Isso certamente evitaria a propaga\u00e7\u00e3o do v\u00edrus e fortaleceria nossas defesas contra ele e, portanto, reduziria a propor\u00e7\u00e3o de casos graves, e muitos poderiam se curar muito &hellip; <\/p>\n<p class=\"link-more\"><a href=\"http:\/\/fraternidadedos12raios.com.br\/?page_id=367\" class=\"more-link\">Continue lendo<span class=\"screen-reader-text\"> &#8220;Por que n\u00e3o explicam nosso sistema imune?&#8221;<\/span><\/a><\/p>\n","protected":false},"author":1,"featured_media":379,"parent":0,"menu_order":0,"comment_status":"closed","ping_status":"closed","template":"","meta":[],"_links":{"self":[{"href":"http:\/\/fraternidadedos12raios.com.br\/index.php?rest_route=\/wp\/v2\/pages\/367"}],"collection":[{"href":"http:\/\/fraternidadedos12raios.com.br\/index.php?rest_route=\/wp\/v2\/pages"}],"about":[{"href":"http:\/\/fraternidadedos12raios.com.br\/index.php?rest_route=\/wp\/v2\/types\/page"}],"author":[{"embeddable":true,"href":"http:\/\/fraternidadedos12raios.com.br\/index.php?rest_route=\/wp\/v2\/users\/1"}],"replies":[{"embeddable":true,"href":"http:\/\/fraternidadedos12raios.com.br\/index.php?rest_route=%2Fwp%2Fv2%2Fcomments&post=367"}],"version-history":[{"count":2,"href":"http:\/\/fraternidadedos12raios.com.br\/index.php?rest_route=\/wp\/v2\/pages\/367\/revisions"}],"predecessor-version":[{"id":382,"href":"http:\/\/fraternidadedos12raios.com.br\/index.php?rest_route=\/wp\/v2\/pages\/367\/revisions\/382"}],"wp:featuredmedia":[{"embeddable":true,"href":"http:\/\/fraternidadedos12raios.com.br\/index.php?rest_route=\/wp\/v2\/media\/379"}],"wp:attachment":[{"href":"http:\/\/fraternidadedos12raios.com.br\/index.php?rest_route=%2Fwp%2Fv2%2Fmedia&parent=367"}],"curies":[{"name":"wp","href":"https:\/\/api.w.org\/{rel}","templated":true}]}}