{"id":362,"date":"2021-03-23T13:05:00","date_gmt":"2021-03-23T16:05:00","guid":{"rendered":"http:\/\/fraternidadedos12raios.com.br\/?page_id=362"},"modified":"2025-07-08T13:37:33","modified_gmt":"2025-07-08T16:37:33","slug":"cuidados-coronavirus","status":"publish","type":"page","link":"http:\/\/fraternidadedos12raios.com.br\/?page_id=362","title":{"rendered":"Cuidados CoronaV\u00edrus"},"content":{"rendered":"\n<p><a href=\"http:\/\/fraternidadedos12raios.com.br\/?page_id=367\">Por que n\u00e3o explicam nosso sistema imune?<\/a><\/p>\n\n\n\n<p><a href=\"https:\/\/fraternidadedos12raios.com.br\/?page_id=478\">Escudo para Anular Efeitos das Vacinas e Nanotecnologias<\/a><\/p>\n\n\n\n<p><a href=\"http:\/\/fraternidadedos12raios.com.br\/?page_id=557\">M\u00e9dicos que emitem laudos e declara\u00e7\u00f5es de isen\u00e7\u00e3o de vacinas<\/a><\/p>\n\n\n\n<p><a href=\"http:\/\/fraternidadedos12raios.com.br\/?page_id=559\">Protocolo p\u00f3s vacina<\/a><\/p>\n\n\n\n<p><a href=\"http:\/\/fraternidadedos12raios.com.br\/?page_id=573\">Sistema Imunol\u00f3gico &#8211; Adultos e Crian\u00e7as (Covid19)<\/a><\/p>\n\n\n\n<p><a href=\"http:\/\/fraternidadedos12raios.com.br\/?page_id=16\">Voltar<\/a><\/p>\n","protected":false},"excerpt":{"rendered":"<p>Por que n\u00e3o explicam nosso sistema imune? Escudo para Anular Efeitos das Vacinas e Nanotecnologias M\u00e9dicos que emitem laudos e declara\u00e7\u00f5es de isen\u00e7\u00e3o de vacinas Protocolo p\u00f3s vacina Sistema Imunol\u00f3gico &#8211; Adultos e Crian\u00e7as (Covid19) Voltar<\/p>\n","protected":false},"author":1,"featured_media":0,"parent":0,"menu_order":0,"comment_status":"closed","ping_status":"closed","template":"","meta":[],"_links":{"self":[{"href":"http:\/\/fraternidadedos12raios.com.br\/index.php?rest_route=\/wp\/v2\/pages\/362"}],"collection":[{"href":"http:\/\/fraternidadedos12raios.com.br\/index.php?rest_route=\/wp\/v2\/pages"}],"about":[{"href":"http:\/\/fraternidadedos12raios.com.br\/index.php?rest_route=\/wp\/v2\/types\/page"}],"author":[{"embeddable":true,"href":"http:\/\/fraternidadedos12raios.com.br\/index.php?rest_route=\/wp\/v2\/users\/1"}],"replies":[{"embeddable":true,"href":"http:\/\/fraternidadedos12raios.com.br\/index.php?rest_route=%2Fwp%2Fv2%2Fcomments&post=362"}],"version-history":[{"count":15,"href":"http:\/\/fraternidadedos12raios.com.br\/index.php?rest_route=\/wp\/v2\/pages\/362\/revisions"}],"predecessor-version":[{"id":768,"href":"http:\/\/fraternidadedos12raios.com.br\/index.php?rest_route=\/wp\/v2\/pages\/362\/revisions\/768"}],"wp:attachment":[{"href":"http:\/\/fraternidadedos12raios.com.br\/index.php?rest_route=%2Fwp%2Fv2%2Fmedia&parent=362"}],"curies":[{"name":"wp","href":"https:\/\/api.w.org\/{rel}","templated":true}]}}