{"id":262,"date":"2020-07-24T13:23:26","date_gmt":"2020-07-24T16:23:26","guid":{"rendered":"http:\/\/fraternidadedos12raios.com.br\/?page_id=262"},"modified":"2020-07-24T13:23:26","modified_gmt":"2020-07-24T16:23:26","slug":"camelos-nao-tiram-ferias","status":"publish","type":"page","link":"http:\/\/fraternidadedos12raios.com.br\/?page_id=262","title":{"rendered":"Camelos n\u00e3o tiram f\u00e9rias"},"content":{"rendered":"\n<p>Para Doriana Tamburini<\/p>\n\n\n\n<p>O camelo \u00e9 um animal extraordin\u00e1rio. \u00c9 capaz de viajar longas dist\u00e2ncias pelo deserto passando dias sem beber \u00e1gua, trazendo em seu corpo uma fonte interna de alimenta\u00e7\u00e3o e reabastecimento.<\/p>\n\n\n\n<p>Ela \u00e9 assim: uma mulher not\u00e1vel em suas conquistas espirituais, em suas conex\u00f5es com a multidimensionalidade. Ela viaja por um deserto seco e estimulante, mas n\u00e3o para no o\u00e1sis para descansar, pois tem dentro de si os recursos que precisa para sobreviver e atravessar os desertos da vida.<\/p>\n\n\n\n<p>N\u00e3o tem apenas o suficiente para suas necessidades pr\u00f3prias, mas tamb\u00e9m para dividir com os outros. Sua riqueza espiritual \u00e9 como a \u00e1gua da fonte: pura, cristalina, abundante, inesgot\u00e1vel. O deserto espiritual \u00e9 mais danoso do que o sol causticante do deserto. As universidades terrenas n\u00e3o ressuscitam ningu\u00e9m da morte espiritual. O dia tem 24 horas, mas ela est\u00e1 sempre atrasada na corrida para o desempenho das miss\u00f5es que lhes foram confiadas pelo Eterno. Em suas horas de sono est\u00e1 sempre projetada nas m\u00faltiplas dimens\u00f5es da casa do Pai, aprendendo, ensinando, compartilhando sua sabedoria.<\/p>\n\n\n\n<p>Camelos n\u00e3o tiram f\u00e9rias, pois sua miss\u00e3o \u00e9 servir. Nada no universo tira f\u00e9rias nessa corrida din\u00e2mica da sobreviv\u00eancia.<\/p>\n\n\n\n<p>Voc\u00ea alguma vez j\u00e1 montou num camelo? Ele \u00e9 meio esquisito, com altos e baixos, uma esp\u00e9cie diferente. Pois bem, quando estiver desanimado, experimente montar mentalmente em um camelo. O camelo nos conduz quando estamos sem coragem. O camelo nos transporta quando estamos perdidos, abandonados. O camelo revigora, estimula, potencializa, encoraja. Podem tomar cerca de 200 litros de \u00e1gua de uma s\u00f3 vez.<\/p>\n\n\n\n<p>DORIANA TAMBURINI, a quem dedico esta mensagem, tem tudo a ver com o camelo: incans\u00e1vel peregrina a servi\u00e7o da vinha do Senhor, pois atravessa o deserto diariamente, tendo em seus ombros o fardo pesado do planeta, a responsabilidade de construir um mundo novo, uma nova Terra, um porto seguro para abrigar os navegantes que v\u00eam de lugares distantes.<\/p>\n\n\n\n<p>Doriana veio de longe, das dist\u00e2ncias infinitas de Vega, Pl\u00eaiades, Spica, Antares, Sirius, todas as estrelas que iluminam a Bandeira do Brasil e do Universo. Pingou na Terra, pois aqui no nosso aben\u00e7oado planeta se refletem todas as estrelas do c\u00e9u.<\/p>\n\n\n\n<p>Doriana, para voc\u00ea, mais uma vez (vale a pena ler de novo), o poema que publiquei no STUM para homenage\u00e1\u2010la.<\/p>\n\n\n\n<p>O UNIVERSO FALA\u2026<\/p>\n\n\n\n<p>Atrav\u00e9s dos seus olhos<br>que refletem a luz das mais belas estrelas do c\u00e9u;<\/p>\n\n\n\n<p>O Universo fala<br>Por meio das suas m\u00e3os que aben\u00e7oam os filhos,<br>as pedras, os rios, os mares, o suor de cada dia,<br>a alegria de SER atrav\u00e9s de voc\u00ea.<\/p>\n\n\n\n<p>O Universo fala<br>Atrav\u00e9s dos seus p\u00e9s,<br>que lhe conduzem para as mais infinitas dist\u00e2ncias;<\/p>\n\n\n\n<p>O Universo fala<br>atrav\u00e9s do seu cora\u00e7\u00e3o,<br>da sua Sabedoria, da sua dedica\u00e7\u00e3o<br>e diz, a cada momento, que voc\u00ea \u00e9 um Anjo,<br>um Anjo de Luz que caminha no tapete verde da Terra,<br>que nada neste imenso mar de \u00e1guas mansas,<br>\u00e0s vezes turbulentas e faz da sua vida<br>o b\u00e1lsamo da esperan\u00e7a um sorriso de crian\u00e7a.<\/p>\n\n\n\n<p>O Universo diz:<br>Quero ser a sua estrela guia,<br>farol que ilumina o seu caminho,<br>a ave que pousa docemente em seu ninho.<\/p>\n\n\n\n<p>O Universo fala<br>atrav\u00e9s do azul c\u00e9u, das abelhas que fabricam o mel,<br>e diz para voc\u00ea:<br>QUERO ABRA\u00c7\u00c1\u2010LA, AM\u00c1\u2010LA E NUNCA ABANDON\u00c1\u2010LA!<\/p>\n\n\n\n<p>O Universo fala<br>atrav\u00e9s desse rubi, desse diamante,<br>desse implante, desse Raio Coral,<br>do seu Sangue Real,<br>desse gigantesco e \u00fanico milagre da vida:<br>A PR\u00d3PRIA VIDA!<\/p>\n\n\n\n<p><span class=\"has-inline-color has-vivid-purple-color\">Texto de Weber Malccher &#8211; Escritor, Membro da Uni\u00e3o Brasileira de Escritores (UBE-AM), Membro da Rosacruz (AMORC) e do Clube Somos Todos Um &#8211; Stum<\/span><\/p>\n","protected":false},"excerpt":{"rendered":"<p>Para Doriana Tamburini O camelo \u00e9 um animal extraordin\u00e1rio. \u00c9 capaz de viajar longas dist\u00e2ncias pelo deserto passando dias sem beber \u00e1gua, trazendo em seu corpo uma fonte interna de alimenta\u00e7\u00e3o e reabastecimento. Ela \u00e9 assim: uma mulher not\u00e1vel em suas conquistas espirituais, em suas conex\u00f5es com a multidimensionalidade. Ela viaja por um deserto seco &hellip; <\/p>\n<p class=\"link-more\"><a href=\"http:\/\/fraternidadedos12raios.com.br\/?page_id=262\" class=\"more-link\">Continue lendo<span class=\"screen-reader-text\"> &#8220;Camelos n\u00e3o tiram f\u00e9rias&#8221;<\/span><\/a><\/p>\n","protected":false},"author":1,"featured_media":0,"parent":0,"menu_order":0,"comment_status":"closed","ping_status":"closed","template":"","meta":[],"_links":{"self":[{"href":"http:\/\/fraternidadedos12raios.com.br\/index.php?rest_route=\/wp\/v2\/pages\/262"}],"collection":[{"href":"http:\/\/fraternidadedos12raios.com.br\/index.php?rest_route=\/wp\/v2\/pages"}],"about":[{"href":"http:\/\/fraternidadedos12raios.com.br\/index.php?rest_route=\/wp\/v2\/types\/page"}],"author":[{"embeddable":true,"href":"http:\/\/fraternidadedos12raios.com.br\/index.php?rest_route=\/wp\/v2\/users\/1"}],"replies":[{"embeddable":true,"href":"http:\/\/fraternidadedos12raios.com.br\/index.php?rest_route=%2Fwp%2Fv2%2Fcomments&post=262"}],"version-history":[{"count":1,"href":"http:\/\/fraternidadedos12raios.com.br\/index.php?rest_route=\/wp\/v2\/pages\/262\/revisions"}],"predecessor-version":[{"id":263,"href":"http:\/\/fraternidadedos12raios.com.br\/index.php?rest_route=\/wp\/v2\/pages\/262\/revisions\/263"}],"wp:attachment":[{"href":"http:\/\/fraternidadedos12raios.com.br\/index.php?rest_route=%2Fwp%2Fv2%2Fmedia&parent=262"}],"curies":[{"name":"wp","href":"https:\/\/api.w.org\/{rel}","templated":true}]}}