{"id":2,"date":"2016-05-10T03:48:21","date_gmt":"2016-05-10T03:48:21","guid":{"rendered":"http:\/\/fraternidadedos12raios.com.br\/?page_id=2"},"modified":"2026-04-07T11:16:50","modified_gmt":"2026-04-07T14:16:50","slug":"sample-page","status":"publish","type":"page","link":"http:\/\/fraternidadedos12raios.com.br\/","title":{"rendered":"Fraternidade dos 12 Raios"},"content":{"rendered":"\n<p><\/p>\n\n\n\n<p class=\"has-text-align-center has-black-color has-text-color\" style=\"font-size:30px;line-height:1\"><strong>Conhe\u00e7a a Escola da Fraternidade dos 12 Raios<\/strong><br><\/p>\n\n\n\n<p class=\"has-text-align-center has-black-color has-luminous-vivid-amber-background-color has-text-color has-background has-medium-font-size\"><strong><a rel=\"noreferrer noopener\" href=\"https:\/\/share.google\/DtHiBlWDAEH0Shxvq\" target=\"_blank\">Loja virtual dos cursos da<br>Escola da Fraternidade dos 12 Raios<\/a><br><a href=\"https:\/\/share.google\/DtHiBlWDAEH0Shxvq\" target=\"_blank\" rel=\"noreferrer noopener\">clique aqui para<\/a><\/strong><a href=\"https:\/\/share.google\/DtHiBlWDAEH0Shxvq\" target=\"_blank\" rel=\"noreferrer noopener\"><strong> entrar<\/strong><\/a><br><a rel=\"noreferrer noopener\" href=\"https:\/\/share.google\/DtHiBlWDAEH0Shxvq\" target=\"_blank\"> https:\/\/share.google\/DtHiBlWDAEH0Shxvq<\/a><\/p>\n\n\n\n<h2 class=\"has-text-align-center has-black-color has-pale-cyan-blue-background-color has-text-color has-background\"><strong>Voc\u00ea pode tamb\u00e9m participar <\/strong><br><strong>de nossa Escola atrav\u00e9s <\/strong><br><strong>do Telegram<br>clique na imagem abaixo <\/strong><br><strong>e saiba mais<\/strong>:<br><\/h2>\n\n\n\n<div class=\"wp-block-image is-style-default\"><figure class=\"aligncenter size-full is-resized\"><a href=\"https:\/\/t.me\/+aHNzeP32h3EwMWMx\" target=\"_blank\" rel=\"noopener\"><img loading=\"lazy\" src=\"http:\/\/fraternidadedos12raios.com.br\/wp-content\/uploads\/2026\/01\/Escola-Fraternidade-300-pixels.jpg\" alt=\"\" class=\"wp-image-840\" width=\"405\" height=\"330\"\/><\/a><\/figure><\/div>\n\n\n\n<p><\/p>\n\n\n\n<p>Agradecimento<\/p>\n\n\n\n<p><a href=\"https:\/\/fraternidadedos12raios.com.br\/?page_id=748\">Clique aqui para ler o meu agradecimento a todos que estiveram <\/a><a rel=\"noreferrer noopener\" href=\"https:\/\/fraternidadedos12raios.com.br\/?page_id=748\" target=\"_blank\">comigo no ano de 2025<\/a><\/p>\n\n\n\n<h2>Apresenta\u00e7\u00e3o  deste site:<\/h2>\n\n\n<h1 style=\"text-align: center;\"><strong>Um Caminho de Inicia\u00e7\u00e3o<\/strong><\/h1>\n<p>Esta Fraternidade \u00e9 uma Rede Virtual de Conex\u00e3o Cont\u00ednua, autossustentada, entre os Seres de Luz do Universo e os Seres Extraterrestes, Humanos, D\u00e9vicos, C\u00f3smicos ou Ang\u00e9licos.<\/p>\n<p>O objetivo maior \u00e9 a Unidade entre os Trabalhadores e Trabalhadoras, Guerreiros e Guerreiras encarnados na Terra, com os Colaboradores Universais da Luz Divina, Amor Maior e da Grande Harmonia C\u00f3smica.<\/p>\n<p>Isto fortalece as pessoas energ\u00e9tica e amorosamente, al\u00e9m de aprimorar os contatos entre a Nossa Terra e O TODO DO UNIVERSO.<\/p>\n<p>Sob o comando das Hierarquias Superiores, todos orquestram.<\/p>\n<p>Atrav\u00e9s de v\u00e1rios chamados internos, e unindo-se sincronicamente entre si, muitos respondem.<\/p>\n<p>Esta \u00e9 uma tarefa mission\u00e1ria.<\/p>\n<p>A Sagrada Liberdade com Responsabilidade e Consci\u00eancia Focada \u00e9 nosso modo de exercitar nosso Plano Divino.<\/p>\n<p>Todas as linhas de Espiritualidade e Pensamento que nos conduzem ao Bem-Estar Emocional, Sentimental e F\u00edsico, s\u00e3o respeitadas e cada Ser da Cria\u00e7\u00e3o d\u00e1 o melhor de si, da maneira mais confort\u00e1vel.<\/p>\n<p>Neste momento Planet\u00e1rio, coloco \u00e0 disposi\u00e7\u00e3o da Humanidade, um Facilitador e Guia Orientador que me conduziu iniciaticamente, levando-me \u00e0 caminhos maravilhosos, reveladores e impressionantemente certeiros.<\/p>\n<p>Partilhar com voc\u00eas destas informa\u00e7\u00f5es \u00e9 lhes oferecer meus pr\u00f3prios frutos colhidos.<\/p>\n<p>As B\u00ean\u00e7\u00e3os s\u00e3o incont\u00e1veis.<\/p>\n<p>Vivenciem, experimentem.<\/p>\n<p>\u00c9 o meu melhor que posso lhes oferecer!!!<\/p>\n<p>Doriana<\/p>\n\n\n<p><\/p>\n\n\n\n<p><\/p>\n\n\n\n<p class=\"has-text-align-center has-text-color\" style=\"color:#f62844\"><strong>Contato conosco, envie um e-mail para:<br>dorianacentral@gmail.com<\/strong><\/p>\n","protected":false},"excerpt":{"rendered":"<p>Conhe\u00e7a a Escola da Fraternidade dos 12 Raios Loja virtual dos cursos daEscola da Fraternidade dos 12 Raiosclique aqui para entrar https:\/\/share.google\/DtHiBlWDAEH0Shxvq Voc\u00ea pode tamb\u00e9m participar de nossa Escola atrav\u00e9s do Telegramclique na imagem abaixo e saiba mais: Agradecimento Clique aqui para ler o meu agradecimento a todos que estiveram comigo no ano de 2025 &hellip; <\/p>\n<p class=\"link-more\"><a href=\"http:\/\/fraternidadedos12raios.com.br\/\" class=\"more-link\">Continue lendo<span class=\"screen-reader-text\"> &#8220;Fraternidade dos 12 Raios&#8221;<\/span><\/a><\/p>\n","protected":false},"author":1,"featured_media":0,"parent":0,"menu_order":0,"comment_status":"closed","ping_status":"open","template":"","meta":[],"_links":{"self":[{"href":"http:\/\/fraternidadedos12raios.com.br\/index.php?rest_route=\/wp\/v2\/pages\/2"}],"collection":[{"href":"http:\/\/fraternidadedos12raios.com.br\/index.php?rest_route=\/wp\/v2\/pages"}],"about":[{"href":"http:\/\/fraternidadedos12raios.com.br\/index.php?rest_route=\/wp\/v2\/types\/page"}],"author":[{"embeddable":true,"href":"http:\/\/fraternidadedos12raios.com.br\/index.php?rest_route=\/wp\/v2\/users\/1"}],"replies":[{"embeddable":true,"href":"http:\/\/fraternidadedos12raios.com.br\/index.php?rest_route=%2Fwp%2Fv2%2Fcomments&post=2"}],"version-history":[{"count":32,"href":"http:\/\/fraternidadedos12raios.com.br\/index.php?rest_route=\/wp\/v2\/pages\/2\/revisions"}],"predecessor-version":[{"id":850,"href":"http:\/\/fraternidadedos12raios.com.br\/index.php?rest_route=\/wp\/v2\/pages\/2\/revisions\/850"}],"wp:attachment":[{"href":"http:\/\/fraternidadedos12raios.com.br\/index.php?rest_route=%2Fwp%2Fv2%2Fmedia&parent=2"}],"curies":[{"name":"wp","href":"https:\/\/api.w.org\/{rel}","templated":true}]}}