{"id":16,"date":"2017-04-24T00:37:19","date_gmt":"2017-04-24T00:37:19","guid":{"rendered":"http:\/\/fraternidadedos12raios.com.br\/?page_id=16"},"modified":"2025-07-10T13:58:42","modified_gmt":"2025-07-10T16:58:42","slug":"agendas","status":"publish","type":"page","link":"http:\/\/fraternidadedos12raios.com.br\/?page_id=16","title":{"rendered":"Central de Equil\u00edbrio"},"content":{"rendered":"<p><strong><span style=\"color: #ff0000;\">D<\/span><span style=\"color: #ff0000;\">i<\/span><span style=\"color: #ff0000;\">cas e Ferramentas para os s<\/span><span style=\"color: #ff0000;\">i<\/span><span style=\"color: #ff0000;\">ntomas atua<\/span><span style=\"color: #ff0000;\">i<\/span><span style=\"color: #ff0000;\">s da Ascens\u00e3o:<\/span><\/strong><\/p>\n<p>1 &#8211; <a href=\"http:\/\/fraternidadedos12raios.com.br\/?page_id=158\" rel=\"noopener noreferrer\">Banhos, Florais, Cristais, Aromas, Sprays etc<\/a>.<\/p>\n<p>2 &#8211; <a href=\"http:\/\/fraternidadedos12raios.com.br\/?page_id=202\">Sugest\u00e3o de Ora\u00e7\u00f5es e Comandos<\/a><\/p>\n<p>3 &#8211; <a href=\"http:\/\/fraternidadedos12raios.com.br\/?page_id=271\">Sugest\u00e3o Medita\u00e7\u00e3o<\/a><\/p>\n<p>4 &#8211; <a href=\"http:\/\/fraternidadedos12raios.com.br\/?page_id=362\">Cuidados CoronaV\u00edrus<\/a><\/p>\n<p>5 &#8211; <a href=\"https:\/\/www.youtube.com\/@fc.perini\" target=\"_blank\" rel=\"noopener\">Sugest\u00e3o Musical<\/a><\/p>\n<p>6 &#8211; <a href=\"http:\/\/fraternidadedos12raios.com.br\/?page_id=653\">Sugest\u00e3o de Leitura<\/a><\/p>\n<p>7 &#8211; <a href=\"https:\/\/www.youtube.com\/watch?v=KJetV1O4PIY\" target=\"_blank\" rel=\"noopener\">Sugest\u00e3o Alimentar<\/a><\/p>\n<p>8 &#8211; <a href=\"http:\/\/fraternidadedos12raios.com.br\/?page_id=186\">Ho\u2019oponopono<\/a><\/p>\n<p>9 &#8211; <a href=\"http:\/\/fraternidadedos12raios.com.br\/?page_id=211\">Como Mudar Sua Energia<\/a><\/p>\n<p>10 &#8211; <a href=\"http:\/\/fraternidadedos12raios.com.br\/?page_id=223\">Decretos<\/a><\/p>\n","protected":false},"excerpt":{"rendered":"<p>Dicas e Ferramentas para os sintomas atuais da Ascens\u00e3o: 1 &#8211; Banhos, Florais, Cristais, Aromas, Sprays etc. 2 &#8211; Sugest\u00e3o de Ora\u00e7\u00f5es e Comandos 3 &#8211; Sugest\u00e3o Medita\u00e7\u00e3o 4 &#8211; Cuidados CoronaV\u00edrus 5 &#8211; Sugest\u00e3o Musical 6 &#8211; Sugest\u00e3o de Leitura 7 &#8211; Sugest\u00e3o Alimentar 8 &#8211; Ho\u2019oponopono 9 &#8211; Como Mudar Sua Energia 10 &hellip; <\/p>\n<p class=\"link-more\"><a href=\"http:\/\/fraternidadedos12raios.com.br\/?page_id=16\" class=\"more-link\">Continue lendo<span class=\"screen-reader-text\"> &#8220;Central de Equil\u00edbrio&#8221;<\/span><\/a><\/p>\n","protected":false},"author":1,"featured_media":0,"parent":0,"menu_order":0,"comment_status":"closed","ping_status":"closed","template":"","meta":[],"_links":{"self":[{"href":"http:\/\/fraternidadedos12raios.com.br\/index.php?rest_route=\/wp\/v2\/pages\/16"}],"collection":[{"href":"http:\/\/fraternidadedos12raios.com.br\/index.php?rest_route=\/wp\/v2\/pages"}],"about":[{"href":"http:\/\/fraternidadedos12raios.com.br\/index.php?rest_route=\/wp\/v2\/types\/page"}],"author":[{"embeddable":true,"href":"http:\/\/fraternidadedos12raios.com.br\/index.php?rest_route=\/wp\/v2\/users\/1"}],"replies":[{"embeddable":true,"href":"http:\/\/fraternidadedos12raios.com.br\/index.php?rest_route=%2Fwp%2Fv2%2Fcomments&post=16"}],"version-history":[{"count":35,"href":"http:\/\/fraternidadedos12raios.com.br\/index.php?rest_route=\/wp\/v2\/pages\/16\/revisions"}],"predecessor-version":[{"id":807,"href":"http:\/\/fraternidadedos12raios.com.br\/index.php?rest_route=\/wp\/v2\/pages\/16\/revisions\/807"}],"wp:attachment":[{"href":"http:\/\/fraternidadedos12raios.com.br\/index.php?rest_route=%2Fwp%2Fv2%2Fmedia&parent=16"}],"curies":[{"name":"wp","href":"https:\/\/api.w.org\/{rel}","templated":true}]}}